{"id":600,"date":"2021-12-06T14:58:04","date_gmt":"2021-12-06T13:58:04","guid":{"rendered":"https:\/\/dev-tests.videoformes.com\/?page_id=600"},"modified":"2022-02-24T15:03:38","modified_gmt":"2022-02-24T14:03:38","slug":"legal-notice","status":"publish","type":"page","link":"https:\/\/festival2025.videoformes.com\/en\/legal-notice\/","title":{"rendered":"Legal Notice"},"content":{"rendered":"\t\t<div data-elementor-type=\"wp-page\" data-elementor-id=\"600\" class=\"elementor elementor-600 elementor-35\">\n\t\t\t\t\t\t\t\t\t<section class=\"elementor-section elementor-top-section elementor-element elementor-element-ab4194e elementor-section-boxed elementor-section-height-default elementor-section-height-default\" data-id=\"ab4194e\" data-element_type=\"section\">\n\t\t\t\t\t\t<div class=\"elementor-container elementor-column-gap-default\">\n\t\t\t\t\t<div class=\"elementor-column elementor-col-100 elementor-top-column elementor-element elementor-element-d506d31\" data-id=\"d506d31\" data-element_type=\"column\">\n\t\t\t<div class=\"elementor-widget-wrap elementor-element-populated\">\n\t\t\t\t\t\t\t\t<div class=\"elementor-element elementor-element-9d409ca elementor-widget elementor-widget-text-editor\" data-id=\"9d409ca\" data-element_type=\"widget\" data-widget_type=\"text-editor.default\">\n\t\t\t\t<div class=\"elementor-widget-container\">\n\t\t\t<style>\/*! elementor - v3.18.0 - 20-12-2023 *\/\n.elementor-widget-text-editor.elementor-drop-cap-view-stacked .elementor-drop-cap{background-color:#69727d;color:#fff}.elementor-widget-text-editor.elementor-drop-cap-view-framed .elementor-drop-cap{color:#69727d;border:3px solid;background-color:transparent}.elementor-widget-text-editor:not(.elementor-drop-cap-view-default) .elementor-drop-cap{margin-top:8px}.elementor-widget-text-editor:not(.elementor-drop-cap-view-default) .elementor-drop-cap-letter{width:1em;height:1em}.elementor-widget-text-editor .elementor-drop-cap{float:left;text-align:center;line-height:1;font-size:50px}.elementor-widget-text-editor .elementor-drop-cap-letter{display:inline-block}<\/style>\t\t\t\t<h3>Qui sommes-nous\u00a0?<\/h3><p>VIDEOFORMES<br \/>Association loi 1901<\/p><p>L\u2019adresse de notre site Web est\u00a0: https:\/\/videoformes.com.<br \/>T\u00e9l\u00e9phone : +33 (0)4 73 17 02 17<br \/>Adresse : La Diode | 190-194 Boulevard Gustave Flaubert, 63000 Clermont-Ferrand<\/p><p>Directeur de publication : Gabriel Soucheyre<br \/>Responsable de la r\u00e9daction : Roxane Delage<\/p><p>Ce site est h\u00e9berg\u00e9 par : Gandi <a href=\"https:\/\/v4.gandi.net\/hebergement\/?lang=fr\">https:\/\/v4.gandi.net\/hebergement\/?lang=fr<\/a><\/p><h3>Utilisation des donn\u00e9es personnelles collect\u00e9es<\/h3><h4>Commentaires<\/h4><p>Quand vous laissez un commentaire sur notre site web, les donn\u00e9es inscrites dans le formulaire de commentaire, mais aussi votre adresse IP et l\u2019agent utilisateur de votre navigateur sont collect\u00e9s pour nous aider \u00e0 la d\u00e9tection des commentaires ind\u00e9sirables.<\/p><p>Une cha\u00eene anonymis\u00e9e cr\u00e9\u00e9e \u00e0 partir de votre adresse de messagerie (\u00e9galement appel\u00e9e hash) peut \u00eatre envoy\u00e9e au service Gravatar pour v\u00e9rifier si vous utilisez ce dernier. Les clauses de confidentialit\u00e9 du service Gravatar sont disponibles ici\u00a0: https:\/\/automattic.com\/privacy\/. Apr\u00e8s validation de votre commentaire, votre photo de profil sera visible publiquement \u00e0 cot\u00e9 de votre commentaire.<\/p><h4>M\u00e9dias<\/h4><p>Si vous \u00eates un utilisateur ou une utilisatrice enregistr\u00e9\u00b7e et que vous t\u00e9l\u00e9versez des images sur le site web, nous vous conseillons d\u2019\u00e9viter de t\u00e9l\u00e9verser des images contenant des donn\u00e9es EXIF de coordonn\u00e9es GPS. Les visiteurs de votre site web peuvent t\u00e9l\u00e9charger et extraire des donn\u00e9es de localisation depuis ces images.<\/p><h4>Cookies<\/h4><p>Conform\u00e9ment aux recommandations de la Commission Nationale de l\u2019Informatique et des Libert\u00e9s (CNIL), certains cookies sont dispens\u00e9s du recueil pr\u00e9alable de votre consentement dans la mesure o\u00f9 ils sont strictement n\u00e9cessaires au fonctionnement du site internet ou ont pour finalit\u00e9 exclusive de permettre ou faciliter la communication par voie \u00e9lectronique. Il s\u2019agit notamment des cookies d\u2019identifiant de session, d\u2019authentification, de session d\u2019\u00e9quilibrage de charge ainsi que des cookies de personnalisation de votre interface. Ces cookies sont int\u00e9gralement soumis \u00e0 la pr\u00e9sente politique.<\/p><p>Si vous d\u00e9posez un commentaire sur notre site, il vous sera propos\u00e9 d\u2019enregistrer votre nom, adresse de messagerie et site web dans des cookies. C\u2019est uniquement pour votre confort afin de ne pas avoir \u00e0 saisir ces informations si vous d\u00e9posez un autre commentaire plus tard. Ces cookies expirent au bout d\u2019un an.<\/p><p>Si vous avez un compte et que vous vous connectez sur ce site, un cookie temporaire sera cr\u00e9\u00e9 afin de d\u00e9terminer si votre navigateur accepte les cookies. Il ne contient pas de donn\u00e9es personnelles et sera supprim\u00e9 automatiquement \u00e0 la fermeture de votre navigateur.<\/p><p>Lorsque vous vous connecterez, nous mettrons en place un certain nombre de cookies pour enregistrer vos informations de connexion et vos pr\u00e9f\u00e9rences d\u2019\u00e9cran. La dur\u00e9e de vie d\u2019un cookie de connexion est de deux jours, celle d\u2019un cookie d\u2019option d\u2019\u00e9cran est d\u2019un an. Si vous cochez \u00ab\u00a0Se souvenir de moi\u00a0\u00bb, votre cookie de connexion sera conserv\u00e9 pendant deux semaines. Si vous vous d\u00e9connectez de votre compte, le cookie de connexion sera effac\u00e9.<\/p><p>En modifiant ou en publiant un article, un cookie suppl\u00e9mentaire sera enregistr\u00e9 dans votre navigateur. Ce cookie ne comprend aucune donn\u00e9e personnelle. Il indique simplement l\u2019identifiant de l\u2019article que vous venez de modifier. Il expire au bout d\u2019un jour.<\/p><p>Les cookies n\u00e9cessitant le recueil pr\u00e9alable de votre consentement<\/p><p>Cette exigence concerne les cookies \u00e9mis par des tiers et qui sont qualifi\u00e9s de \u00ab persistants \u00bb dans la mesure o\u00f9 ils demeurent dans votre terminal jusqu\u2019\u00e0 leur effacement ou leur date d\u2019expiration.<\/p><p>De tels cookies \u00e9tant \u00e9mis par des tiers, leur utilisation et leur d\u00e9p\u00f4t sont soumis \u00e0 leurs propres politiques de confidentialit\u00e9 dont vous trouverez un lien ci-dessous.<\/p><p>Les cookies de partage des r\u00e9seaux sociaux sont \u00e9mis et g\u00e9r\u00e9s par l\u2019\u00e9diteur du r\u00e9seau social concern\u00e9. Sous r\u00e9serve de votre consentement, ces cookies vous permettent de partager facilement une partie du contenu publi\u00e9 sur le site, notamment par l\u2019interm\u00e9diaire d\u2019un \u00ab bouton \u00bb applicatif de partage selon le r\u00e9seau social concern\u00e9. Deux types de cookies de partage des r\u00e9seaux sociaux sont pr\u00e9sents sur le site :<\/p><p>\u2013 Facebook, dont vous pouvez consulter la politique en mati\u00e8re de cookies en cliquant sur le lien suivant : <a href=\"https:\/\/fr-fr.facebook.com\/policies\/cookies\/\">https:\/\/fr-fr.facebook.com\/policies\/cookies\/<\/a><\/p><p>Twitter, dont vous trouverez les options d\u00e9di\u00e9es au contr\u00f4le ou \u00e0 la restriction de l\u2019utilisation des cookies ainsi que la politique d\u2019utilisation des cookies : <a href=\"https:\/\/support.twitter.com\/articles\/20170518#\" target=\"_blank\" rel=\"noopener noreferrer\">support.twitter.com\/articles\/20170518#<\/a><\/p><p>\u2013 YouTube, dont vous trouverez l\u2019aide n\u00e9cessaire pour supprimer les cookies \u00e0 partir du navigateur Google Chrome en cliquant sur le lien suivant :<a href=\"https:\/\/support.google.com\/youtube\/answer\/32050?hl=fr\"> https:\/\/support.google.com\/youtube\/answer\/32050?hl=fr<\/a> mais \u00e9galement la politique compl\u00e8te en mati\u00e8re de cookies \u00e0 partir du lien suivant : <a href=\"https:\/\/www.google.fr\/intl\/fr\/policies\/technologies\/cookies\/\">https:\/\/www.google.fr\/intl\/fr\/policies\/technologies\/cookies\/<\/a><\/p><p>Si vous ne souhaitez pas recevoir de \u00ab cookie \u00bb vous pouvez utiliser l\u2019option sur votre navigateur qui rend indisponible les \u00ab cookies \u00bb.<\/p><h4>Contenu embarqu\u00e9 depuis d\u2019autres sites<\/h4><p>Les articles de ce site peuvent inclure des contenus int\u00e9gr\u00e9s (par exemple des vid\u00e9os, images, articles\u2026). Le contenu int\u00e9gr\u00e9 depuis d\u2019autres sites se comporte de la m\u00eame mani\u00e8re que si le visiteur se rendait sur cet autre site.<\/p><p>Ces sites web pourraient collecter des donn\u00e9es sur vous, utiliser des cookies, embarquer des outils de suivis tiers, suivre vos interactions avec ces contenus embarqu\u00e9s si vous disposez d\u2019un compte connect\u00e9 sur leur site web.<\/p><h4>Statistiques et mesures d\u2019audience<\/h4><p>Les cookies de mesure d\u2019audience \u00e9tablissent des statistiques concernant la fr\u00e9quentation et l\u2019utilisation de divers \u00e9l\u00e9ments du site web (comme les contenus\/pages que vous avez visit\u00e9). Ces donn\u00e9es participent \u00e0 l\u2019am\u00e9lioration de l\u2019ergonomie du site web.<\/p><p>Un outil de statistique est utilis\u00e9 sur ce site Internet : Statistiques Piwik, dont la politique de confidentialit\u00e9 est disponible (uniquement en anglais) \u00e0 partir du lien suivant : <a href=\"https:\/\/matomo.org\/privacy\/\">https:\/\/piwik.org\/privacy-policy\/<\/a><\/p><h3>Utilisation et transmission de vos donn\u00e9es personnelles<\/h3><h4>Dur\u00e9es de stockage de vos donn\u00e9es<\/h4><p>Si vous laissez un commentaire, le commentaire et ses m\u00e9tadonn\u00e9es sont conserv\u00e9s ind\u00e9finiment. Cela permet de reconna\u00eetre et approuver automatiquement les commentaires suivants au lieu de les laisser dans la file de mod\u00e9ration.<\/p><p>Pour les utilisateurs et utilisatrices qui s\u2019enregistrent sur notre site (si cela est possible), nous stockons \u00e9galement les donn\u00e9es personnelles indiqu\u00e9es dans leur profil. Tous les utilisateurs et utilisatrices peuvent voir, modifier ou supprimer leurs informations personnelles \u00e0 tout moment (\u00e0 l\u2019exception de leur nom d\u2019utilisateur\u00b7ice). Les gestionnaires du site peuvent aussi voir et modifier ces informations.<\/p><h4>Les droits que vous avez sur vos donn\u00e9es<\/h4><p>Si vous avez un compte ou si vous avez laiss\u00e9 des commentaires sur le site, vous pouvez demander \u00e0 recevoir un fichier contenant toutes les donn\u00e9es personnelles que nous poss\u00e9dons \u00e0 votre sujet, incluant celles que vous nous avez fournies. Vous pouvez \u00e9galement demander la suppression des donn\u00e9es personnelles vous concernant. Cela ne prend pas en compte les donn\u00e9es stock\u00e9es \u00e0 des fins administratives, l\u00e9gales ou pour des raisons de s\u00e9curit\u00e9.<\/p><h4>Transmission de vos donn\u00e9es personnelles<\/h4><p>Les commentaires des visiteurs peuvent \u00eatre v\u00e9rifi\u00e9s \u00e0 l\u2019aide d\u2019un service automatis\u00e9 de d\u00e9tection des commentaires ind\u00e9sirables.<\/p><p>Les informations que nous recueillons sont destin\u00e9es \u00e0 mieux vous conna\u00eetre, ne seront en aucun cas transmises \u00e0 des tiers. Conform\u00e9ment \u00e0 la loi \u00bb Informatique et Libert\u00e9s \u00ab , vous disposez d\u2019un droit d\u2019acc\u00e8s, de modification, de rectification et de suppression des donn\u00e9es qui vous concernent. Pour l\u2019exercer, il vous suffit d\u2019envoyer un e-mail.<\/p><h3>Newsletter<\/h3><p>En validant votre inscription \u00e0 la newsletter, vous acceptez que VIDEOFORMES m\u00e9morise et utilise votre adresse email dans le but de vous envoyer mensuellement notre lettre d\u2019informations. Vous pouvez vous d\u00e9sinscrire \u00e0 tout moment en cliquant sur \u00ab\u00a0me d\u00e9sabonner\u00a0\u00bb sur la newsletter ou en \u00e9crivant par mail.<\/p><h3>Informations de contact<\/h3><p>Concernant tout formulaire contact adress\u00e9 \u00e0 VIDEOFORMES \u00e0 travers ce site, merci de prendre note du fait que :<br \/>\u2013 le secret des correspondances transmises par le r\u00e9seau Internet n\u2019est pas garanti ;<br \/>\u2013 les courriers \u00e9lectroniques sont conserv\u00e9s sur support informatique, au moins le temps n\u00e9cessaire \u00e0 l\u2019administration pour fournir une r\u00e9ponse ou de traiter votre demande.<\/p>\t\t\t\t\t\t<\/div>\n\t\t\t\t<\/div>\n\t\t\t\t\t<\/div>\n\t\t<\/div>\n\t\t\t\t\t\t\t<\/div>\n\t\t<\/section>\n\t\t\t\t\t\t\t<\/div>\n\t\t","protected":false},"excerpt":{"rendered":"<p>Qui sommes-nous\u00a0? VIDEOFORMESAssociation loi 1901 L\u2019adresse de notre site Web est\u00a0: https:\/\/videoformes.com.T\u00e9l\u00e9phone : +33 (0)4 73 17 02 17Adresse : La Diode | 190-194 Boulevard Gustave<span class=\"excerpt-hellip\"> [\u2026]<\/span><\/p>\n","protected":false},"author":1,"featured_media":0,"parent":0,"menu_order":0,"comment_status":"closed","ping_status":"closed","template":"","meta":{"inline_featured_image":false,"footnotes":""},"class_list":["post-600","page","type-page","status-publish","hentry"],"yoast_head":"<!-- This site is optimized with the Yoast SEO plugin v20.2.1 - https:\/\/yoast.com\/wordpress\/plugins\/seo\/ -->\n<title>Legal Notice | Festival VIDEOFORMES<\/title>\n<meta name=\"robots\" content=\"index, follow, max-snippet:-1, max-image-preview:large, max-video-preview:-1\" \/>\n<link rel=\"canonical\" href=\"https:\/\/festival2025.videoformes.com\/en\/legal-notice\/\" \/>\n<meta property=\"og:locale\" content=\"en_US\" \/>\n<meta property=\"og:type\" content=\"article\" \/>\n<meta property=\"og:title\" content=\"Legal Notice | Festival VIDEOFORMES\" \/>\n<meta property=\"og:description\" content=\"Qui sommes-nous\u00a0? VIDEOFORMESAssociation loi 1901 L\u2019adresse de notre site Web est\u00a0: https:\/\/videoformes.com.T\u00e9l\u00e9phone : +33 (0)4 73 17 02 17Adresse : La Diode | 190-194 Boulevard Gustave [\u2026]\" \/>\n<meta property=\"og:url\" content=\"https:\/\/festival2025.videoformes.com\/en\/legal-notice\/\" \/>\n<meta property=\"og:site_name\" content=\"Festival VIDEOFORMES\" \/>\n<meta property=\"article:publisher\" content=\"https:\/\/www.facebook.com\/videoformes\" \/>\n<meta property=\"article:modified_time\" content=\"2022-02-24T14:03:38+00:00\" \/>\n<meta property=\"og:image\" content=\"https:\/\/festival2025.videoformes.com\/wp-content\/uploads\/2025\/02\/VISUEL-1000x1000-REGIS-.png\" \/>\n\t<meta property=\"og:image:width\" content=\"1000\" \/>\n\t<meta property=\"og:image:height\" content=\"1000\" \/>\n\t<meta property=\"og:image:type\" content=\"image\/png\" \/>\n<meta name=\"twitter:card\" content=\"summary_large_image\" \/>\n<meta name=\"twitter:site\" content=\"@videoformes\" \/>\n<meta name=\"twitter:label1\" content=\"Est. reading time\" \/>\n\t<meta name=\"twitter:data1\" content=\"6 minutes\" \/>\n<script type=\"application\/ld+json\" class=\"yoast-schema-graph\">{\"@context\":\"https:\/\/schema.org\",\"@graph\":[{\"@type\":\"WebPage\",\"@id\":\"https:\/\/festival2025.videoformes.com\/en\/legal-notice\/\",\"url\":\"https:\/\/festival2025.videoformes.com\/en\/legal-notice\/\",\"name\":\"Legal Notice | Festival VIDEOFORMES\",\"isPartOf\":{\"@id\":\"https:\/\/festival2025.videoformes.com\/#website\"},\"datePublished\":\"2021-12-06T13:58:04+00:00\",\"dateModified\":\"2022-02-24T14:03:38+00:00\",\"breadcrumb\":{\"@id\":\"https:\/\/festival2025.videoformes.com\/en\/legal-notice\/#breadcrumb\"},\"inLanguage\":\"en-US\",\"potentialAction\":[{\"@type\":\"ReadAction\",\"target\":[\"https:\/\/festival2025.videoformes.com\/en\/legal-notice\/\"]}]},{\"@type\":\"BreadcrumbList\",\"@id\":\"https:\/\/festival2025.videoformes.com\/en\/legal-notice\/#breadcrumb\",\"itemListElement\":[{\"@type\":\"ListItem\",\"position\":1,\"name\":\"Accueil\",\"item\":\"https:\/\/festival2025.videoformes.com\/\"},{\"@type\":\"ListItem\",\"position\":2,\"name\":\"Legal Notice\"}]},{\"@type\":\"WebSite\",\"@id\":\"https:\/\/festival2025.videoformes.com\/#website\",\"url\":\"https:\/\/festival2025.videoformes.com\/\",\"name\":\"Festival VIDEOFORMES 2025\",\"description\":\"Festival International d&#039;Arts Hybrides et Num\u00e9riques\",\"publisher\":{\"@id\":\"https:\/\/festival2025.videoformes.com\/#organization\"},\"potentialAction\":[{\"@type\":\"SearchAction\",\"target\":{\"@type\":\"EntryPoint\",\"urlTemplate\":\"https:\/\/festival2025.videoformes.com\/?s={search_term_string}\"},\"query-input\":\"required name=search_term_string\"}],\"inLanguage\":\"en-US\"},{\"@type\":\"Organization\",\"@id\":\"https:\/\/festival2025.videoformes.com\/#organization\",\"name\":\"Festival VIDEOFORMES\",\"url\":\"https:\/\/festival2025.videoformes.com\/\",\"logo\":{\"@type\":\"ImageObject\",\"inLanguage\":\"en-US\",\"@id\":\"https:\/\/festival2025.videoformes.com\/#\/schema\/logo\/image\/\",\"url\":\"https:\/\/festival2025.videoformes.com\/wp-content\/uploads\/2022\/01\/apple-touch-icon.png\",\"contentUrl\":\"https:\/\/festival2025.videoformes.com\/wp-content\/uploads\/2022\/01\/apple-touch-icon.png\",\"width\":180,\"height\":180,\"caption\":\"Festival VIDEOFORMES\"},\"image\":{\"@id\":\"https:\/\/festival2025.videoformes.com\/#\/schema\/logo\/image\/\"},\"sameAs\":[\"https:\/\/www.facebook.com\/videoformes\",\"https:\/\/twitter.com\/videoformes\",\"https:\/\/www.instagram.com\/videoformes\/\",\"https:\/\/www.youtube.com\/channel\/UCVkAiRplvronMyMWo1bxKCg\"]}]}<\/script>\n<!-- \/ Yoast SEO plugin. -->","yoast_head_json":{"title":"Legal Notice | Festival VIDEOFORMES","robots":{"index":"index","follow":"follow","max-snippet":"max-snippet:-1","max-image-preview":"max-image-preview:large","max-video-preview":"max-video-preview:-1"},"canonical":"https:\/\/festival2025.videoformes.com\/en\/legal-notice\/","og_locale":"en_US","og_type":"article","og_title":"Legal Notice | Festival VIDEOFORMES","og_description":"Qui sommes-nous\u00a0? VIDEOFORMESAssociation loi 1901 L\u2019adresse de notre site Web est\u00a0: https:\/\/videoformes.com.T\u00e9l\u00e9phone : +33 (0)4 73 17 02 17Adresse : La Diode | 190-194 Boulevard Gustave [\u2026]","og_url":"https:\/\/festival2025.videoformes.com\/en\/legal-notice\/","og_site_name":"Festival VIDEOFORMES","article_publisher":"https:\/\/www.facebook.com\/videoformes","article_modified_time":"2022-02-24T14:03:38+00:00","og_image":[{"width":1000,"height":1000,"url":"https:\/\/festival2025.videoformes.com\/wp-content\/uploads\/2025\/02\/VISUEL-1000x1000-REGIS-.png","type":"image\/png"}],"twitter_card":"summary_large_image","twitter_site":"@videoformes","twitter_misc":{"Est. reading time":"6 minutes"},"schema":{"@context":"https:\/\/schema.org","@graph":[{"@type":"WebPage","@id":"https:\/\/festival2025.videoformes.com\/en\/legal-notice\/","url":"https:\/\/festival2025.videoformes.com\/en\/legal-notice\/","name":"Legal Notice | Festival VIDEOFORMES","isPartOf":{"@id":"https:\/\/festival2025.videoformes.com\/#website"},"datePublished":"2021-12-06T13:58:04+00:00","dateModified":"2022-02-24T14:03:38+00:00","breadcrumb":{"@id":"https:\/\/festival2025.videoformes.com\/en\/legal-notice\/#breadcrumb"},"inLanguage":"en-US","potentialAction":[{"@type":"ReadAction","target":["https:\/\/festival2025.videoformes.com\/en\/legal-notice\/"]}]},{"@type":"BreadcrumbList","@id":"https:\/\/festival2025.videoformes.com\/en\/legal-notice\/#breadcrumb","itemListElement":[{"@type":"ListItem","position":1,"name":"Accueil","item":"https:\/\/festival2025.videoformes.com\/"},{"@type":"ListItem","position":2,"name":"Legal Notice"}]},{"@type":"WebSite","@id":"https:\/\/festival2025.videoformes.com\/#website","url":"https:\/\/festival2025.videoformes.com\/","name":"Festival VIDEOFORMES 2025","description":"Festival International d&#039;Arts Hybrides et Num\u00e9riques","publisher":{"@id":"https:\/\/festival2025.videoformes.com\/#organization"},"potentialAction":[{"@type":"SearchAction","target":{"@type":"EntryPoint","urlTemplate":"https:\/\/festival2025.videoformes.com\/?s={search_term_string}"},"query-input":"required name=search_term_string"}],"inLanguage":"en-US"},{"@type":"Organization","@id":"https:\/\/festival2025.videoformes.com\/#organization","name":"Festival VIDEOFORMES","url":"https:\/\/festival2025.videoformes.com\/","logo":{"@type":"ImageObject","inLanguage":"en-US","@id":"https:\/\/festival2025.videoformes.com\/#\/schema\/logo\/image\/","url":"https:\/\/festival2025.videoformes.com\/wp-content\/uploads\/2022\/01\/apple-touch-icon.png","contentUrl":"https:\/\/festival2025.videoformes.com\/wp-content\/uploads\/2022\/01\/apple-touch-icon.png","width":180,"height":180,"caption":"Festival VIDEOFORMES"},"image":{"@id":"https:\/\/festival2025.videoformes.com\/#\/schema\/logo\/image\/"},"sameAs":["https:\/\/www.facebook.com\/videoformes","https:\/\/twitter.com\/videoformes","https:\/\/www.instagram.com\/videoformes\/","https:\/\/www.youtube.com\/channel\/UCVkAiRplvronMyMWo1bxKCg"]}]}},"_links":{"self":[{"href":"https:\/\/festival2025.videoformes.com\/en\/wp-json\/wp\/v2\/pages\/600","targetHints":{"allow":["GET"]}}],"collection":[{"href":"https:\/\/festival2025.videoformes.com\/en\/wp-json\/wp\/v2\/pages"}],"about":[{"href":"https:\/\/festival2025.videoformes.com\/en\/wp-json\/wp\/v2\/types\/page"}],"author":[{"embeddable":true,"href":"https:\/\/festival2025.videoformes.com\/en\/wp-json\/wp\/v2\/users\/1"}],"replies":[{"embeddable":true,"href":"https:\/\/festival2025.videoformes.com\/en\/wp-json\/wp\/v2\/comments?post=600"}],"version-history":[{"count":12,"href":"https:\/\/festival2025.videoformes.com\/en\/wp-json\/wp\/v2\/pages\/600\/revisions"}],"predecessor-version":[{"id":7591,"href":"https:\/\/festival2025.videoformes.com\/en\/wp-json\/wp\/v2\/pages\/600\/revisions\/7591"}],"wp:attachment":[{"href":"https:\/\/festival2025.videoformes.com\/en\/wp-json\/wp\/v2\/media?parent=600"}],"curies":[{"name":"wp","href":"https:\/\/api.w.org\/{rel}","templated":true}]}}