{"id":4791,"date":"2022-02-09T14:48:41","date_gmt":"2022-02-09T13:48:41","guid":{"rendered":"https:\/\/dev-tests.videoformes.com\/?page_id=4791"},"modified":"2025-03-05T14:14:26","modified_gmt":"2025-03-05T13:14:26","slug":"youth-festival","status":"publish","type":"page","link":"https:\/\/festival2025.videoformes.com\/en\/youth-festival\/","title":{"rendered":"Youth Festival"},"content":{"rendered":"\t\t<div data-elementor-type=\"wp-page\" data-elementor-id=\"4791\" class=\"elementor elementor-4791 elementor-4790\">\n\t\t\t\t\t\t\t\t\t<section class=\"elementor-section elementor-top-section elementor-element elementor-element-4e056d9 elementor-section-content-middle trait-after elementor-section-boxed elementor-section-height-default elementor-section-height-default\" data-id=\"4e056d9\" data-element_type=\"section\" id=\"edito\">\n\t\t\t\t\t\t<div class=\"elementor-container elementor-column-gap-default\">\n\t\t\t\t\t<div class=\"elementor-column elementor-col-50 elementor-top-column elementor-element elementor-element-c145e76\" data-id=\"c145e76\" data-element_type=\"column\" data-settings=\"{&quot;background_background&quot;:&quot;classic&quot;}\">\n\t\t\t<div class=\"elementor-widget-wrap elementor-element-populated\">\n\t\t\t\t\t\t\t\t<div class=\"elementor-element elementor-element-b2a2031 elementor-widget elementor-widget-image\" data-id=\"b2a2031\" data-element_type=\"widget\" data-widget_type=\"image.default\">\n\t\t\t\t<div class=\"elementor-widget-container\">\n\t\t\t<style>\/*! elementor - v3.18.0 - 20-12-2023 *\/\n.elementor-widget-image{text-align:center}.elementor-widget-image a{display:inline-block}.elementor-widget-image a img[src$=\".svg\"]{width:48px}.elementor-widget-image img{vertical-align:middle;display:inline-block}<\/style>\t\t\t\t\t\t\t\t\t\t\t\t<img fetchpriority=\"high\" decoding=\"async\" width=\"1024\" height=\"576\" src=\"https:\/\/festival2025.videoformes.com\/wp-content\/uploads\/2025\/02\/S2290007-1024x576.jpg\" class=\"attachment-large size-large wp-image-13816\" alt=\"\" srcset=\"https:\/\/festival2025.videoformes.com\/wp-content\/uploads\/2025\/02\/S2290007-1024x576.jpg 1024w, https:\/\/festival2025.videoformes.com\/wp-content\/uploads\/2025\/02\/S2290007-300x169.jpg 300w, https:\/\/festival2025.videoformes.com\/wp-content\/uploads\/2025\/02\/S2290007-768x432.jpg 768w, https:\/\/festival2025.videoformes.com\/wp-content\/uploads\/2025\/02\/S2290007-1536x864.jpg 1536w, https:\/\/festival2025.videoformes.com\/wp-content\/uploads\/2025\/02\/S2290007-2048x1152.jpg 2048w, https:\/\/festival2025.videoformes.com\/wp-content\/uploads\/2025\/02\/S2290007-260x146.jpg 260w, https:\/\/festival2025.videoformes.com\/wp-content\/uploads\/2025\/02\/S2290007-50x28.jpg 50w, https:\/\/festival2025.videoformes.com\/wp-content\/uploads\/2025\/02\/S2290007-133x75.jpg 133w, https:\/\/festival2025.videoformes.com\/wp-content\/uploads\/2025\/02\/S2290007-1200x675.jpg 1200w\" sizes=\"(max-width: 1024px) 100vw, 1024px\" \/>\t\t\t\t\t\t\t\t\t\t\t\t\t\t\t<\/div>\n\t\t\t\t<\/div>\n\t\t\t\t\t<\/div>\n\t\t<\/div>\n\t\t\t\t<div class=\"elementor-column elementor-col-50 elementor-top-column elementor-element elementor-element-1208fc7\" data-id=\"1208fc7\" data-element_type=\"column\" data-settings=\"{&quot;background_background&quot;:&quot;classic&quot;}\">\n\t\t\t<div class=\"elementor-widget-wrap elementor-element-populated\">\n\t\t\t\t\t\t\t\t<div class=\"elementor-element elementor-element-8c633bf kill-mg-bot elementor-widget elementor-widget-text-editor\" data-id=\"8c633bf\" data-element_type=\"widget\" data-widget_type=\"text-editor.default\">\n\t\t\t\t<div class=\"elementor-widget-container\">\n\t\t\t<style>\/*! elementor - v3.18.0 - 20-12-2023 *\/\n.elementor-widget-text-editor.elementor-drop-cap-view-stacked .elementor-drop-cap{background-color:#69727d;color:#fff}.elementor-widget-text-editor.elementor-drop-cap-view-framed .elementor-drop-cap{color:#69727d;border:3px solid;background-color:transparent}.elementor-widget-text-editor:not(.elementor-drop-cap-view-default) .elementor-drop-cap{margin-top:8px}.elementor-widget-text-editor:not(.elementor-drop-cap-view-default) .elementor-drop-cap-letter{width:1em;height:1em}.elementor-widget-text-editor .elementor-drop-cap{float:left;text-align:center;line-height:1;font-size:50px}.elementor-widget-text-editor .elementor-drop-cap-letter{display:inline-block}<\/style>\t\t\t\t<p>Tuesday, March 22 &#8211; Saturday, April 5<\/p>\t\t\t\t\t\t<\/div>\n\t\t\t\t<\/div>\n\t\t\t\t<div class=\"elementor-element elementor-element-35fd14c elementor-widget elementor-widget-heading\" data-id=\"35fd14c\" data-element_type=\"widget\" data-widget_type=\"heading.default\">\n\t\t\t\t<div class=\"elementor-widget-container\">\n\t\t\t<style>\/*! elementor - v3.18.0 - 20-12-2023 *\/\n.elementor-heading-title{padding:0;margin:0;line-height:1}.elementor-widget-heading .elementor-heading-title[class*=elementor-size-]>a{color:inherit;font-size:inherit;line-height:inherit}.elementor-widget-heading .elementor-heading-title.elementor-size-small{font-size:15px}.elementor-widget-heading .elementor-heading-title.elementor-size-medium{font-size:19px}.elementor-widget-heading .elementor-heading-title.elementor-size-large{font-size:29px}.elementor-widget-heading .elementor-heading-title.elementor-size-xl{font-size:39px}.elementor-widget-heading .elementor-heading-title.elementor-size-xxl{font-size:59px}<\/style><h2 class=\"elementor-heading-title elementor-size-default\">YOUTH FESTIVAL<br>\n<h5>Art and culture educational  project<\/h5><\/h2>\t\t<\/div>\n\t\t\t\t<\/div>\n\t\t\t\t<div class=\"elementor-element elementor-element-abddcea kill-mg-bot elementor-widget elementor-widget-text-editor\" data-id=\"abddcea\" data-element_type=\"widget\" data-widget_type=\"text-editor.default\">\n\t\t\t\t<div class=\"elementor-widget-container\">\n\t\t\t\t\t\t\t<h6><a href=\"https:\/\/maps.app.goo.gl\/LcLJttM1kM6ib5Bp6\" target=\"_blank\" rel=\"noopener\">Salle Gripel, Maison de la culture, 1 rue de l&#8217;Abb\u00e9 de l&#8217;\u00e9p\u00e9e\u00a0<\/a><\/h6><p><strong>Opening hours:<\/strong><br \/>Thursday: 9:30 a.m. to 6:00 p.m.<br \/>Friday: 9:30 am to 10:00 pm<br \/>Saturday: 9:30 am to 6:00 pm<br \/>Sunday: 9:30 am to 10:00 pm<\/p><p><strong>Free access<\/strong><\/p>\t\t\t\t\t\t<\/div>\n\t\t\t\t<\/div>\n\t\t\t\t\t<\/div>\n\t\t<\/div>\n\t\t\t\t\t\t\t<\/div>\n\t\t<\/section>\n\t\t\t\t<section class=\"elementor-section elementor-top-section elementor-element elementor-element-65d1e0a elementor-section-boxed elementor-section-height-default elementor-section-height-default\" data-id=\"65d1e0a\" data-element_type=\"section\">\n\t\t\t\t\t\t<div class=\"elementor-container elementor-column-gap-default\">\n\t\t\t\t\t<div class=\"elementor-column elementor-col-100 elementor-top-column elementor-element elementor-element-eab37c5\" data-id=\"eab37c5\" data-element_type=\"column\">\n\t\t\t<div class=\"elementor-widget-wrap elementor-element-populated\">\n\t\t\t\t\t\t\t\t<div class=\"elementor-element elementor-element-a84d72f elementor-widget elementor-widget-text-editor\" data-id=\"a84d72f\" data-element_type=\"widget\" data-widget_type=\"text-editor.default\">\n\t\t\t\t<div class=\"elementor-widget-container\">\n\t\t\t\t\t\t\t<p>VIDEOFORMES offers specific programming for young audiences, as part of an approach to image and video art education.<\/p><p>Find out more about our year-round activities for young audiences on the <a href=\"http:\/\/www.videoformes.com\"><strong>VIDEO<\/strong>FORMES website.<\/a><\/p>\t\t\t\t\t\t<\/div>\n\t\t\t\t<\/div>\n\t\t\t\t\t<\/div>\n\t\t<\/div>\n\t\t\t\t\t\t\t<\/div>\n\t\t<\/section>\n\t\t\t\t<section class=\"elementor-section elementor-top-section elementor-element elementor-element-c986b8e elementor-section-boxed elementor-section-height-default elementor-section-height-default\" data-id=\"c986b8e\" data-element_type=\"section\">\n\t\t\t\t\t\t<div class=\"elementor-container elementor-column-gap-default\">\n\t\t\t\t\t<div class=\"elementor-column elementor-col-33 elementor-top-column elementor-element elementor-element-9aa9b6a\" data-id=\"9aa9b6a\" data-element_type=\"column\">\n\t\t\t<div class=\"elementor-widget-wrap\">\n\t\t\t\t\t\t\t\t\t<\/div>\n\t\t<\/div>\n\t\t\t\t<div class=\"elementor-column elementor-col-33 elementor-top-column elementor-element elementor-element-5791f11\" data-id=\"5791f11\" data-element_type=\"column\">\n\t\t\t<div class=\"elementor-widget-wrap elementor-element-populated\">\n\t\t\t\t\t\t\t\t<div class=\"elementor-element elementor-element-c74864c kill-mg-bot elementor-widget elementor-widget-text-editor\" data-id=\"c74864c\" data-element_type=\"widget\" data-widget_type=\"text-editor.default\">\n\t\t\t\t<div class=\"elementor-widget-container\">\n\t\t\t\t\t\t\t<h5>From Thursday 13 March to Sunday 30 March:::<\/h5>\t\t\t\t\t\t<\/div>\n\t\t\t\t<\/div>\n\t\t\t\t<div class=\"elementor-element elementor-element-f4199d8 after-title elementor-widget elementor-widget-heading\" data-id=\"f4199d8\" data-element_type=\"widget\" data-widget_type=\"heading.default\">\n\t\t\t\t<div class=\"elementor-widget-container\">\n\t\t\t<h2 class=\"elementor-heading-title elementor-size-default\"><h3 class=\"elementor-heading-title elementor-size-default\" style=\"font-style: normal; font-variant-ligatures: normal; font-variant-caps: normal; letter-spacing: normal; color: rgb(0, 0, 0); white-space-collapse: collapse;\">School visits<br><\/h3><h6 style=\"font-style: normal; font-variant-ligatures: normal; font-variant-caps: normal; letter-spacing: normal; color: rgb(0, 0, 0); text-transform: none; white-space-collapse: collapse;\">Across all exhibitions<\/span><\/a><span style=\"color: var( --e-global-color-primary ); font-family: Bold, Helvetica, Arial, sans-serif; font-size: 42px; font-weight: 400; letter-spacing: 0px; text-transform: uppercase; white-space-collapse: preserve;\"><\/span><\/h6><\/h2>\t\t<\/div>\n\t\t\t\t<\/div>\n\t\t\t\t<div class=\"elementor-element elementor-element-ccf8ba5 elementor-align-center elementor-widget elementor-widget-button\" data-id=\"ccf8ba5\" data-element_type=\"widget\" data-widget_type=\"button.default\">\n\t\t\t\t<div class=\"elementor-widget-container\">\n\t\t\t\t\t<div class=\"elementor-button-wrapper\">\n\t\t\t<a class=\"elementor-button elementor-button-link elementor-size-sm\" href=\"https:\/\/festival2025.videoformes.com\/en\/visites-scolaires\/\">\n\t\t\t\t\t\t<span class=\"elementor-button-content-wrapper\">\n\t\t\t\t\t\t<span class=\"elementor-button-text\">Go to the page<\/span>\n\t\t<\/span>\n\t\t\t\t\t<\/a>\n\t\t<\/div>\n\t\t\t\t<\/div>\n\t\t\t\t<\/div>\n\t\t\t\t\t<\/div>\n\t\t<\/div>\n\t\t\t\t<div class=\"elementor-column elementor-col-33 elementor-top-column elementor-element elementor-element-ab448d2\" data-id=\"ab448d2\" data-element_type=\"column\">\n\t\t\t<div class=\"elementor-widget-wrap\">\n\t\t\t\t\t\t\t\t\t<\/div>\n\t\t<\/div>\n\t\t\t\t\t\t\t<\/div>\n\t\t<\/section>\n\t\t\t\t<section class=\"elementor-section elementor-top-section elementor-element elementor-element-88338a2 elementor-section-boxed elementor-section-height-default elementor-section-height-default\" data-id=\"88338a2\" data-element_type=\"section\">\n\t\t\t\t\t\t<div class=\"elementor-container elementor-column-gap-default\">\n\t\t\t\t\t<div class=\"elementor-column elementor-col-100 elementor-top-column elementor-element elementor-element-5982273\" data-id=\"5982273\" data-element_type=\"column\">\n\t\t\t<div class=\"elementor-widget-wrap elementor-element-populated\">\n\t\t\t\t\t\t\t\t<div class=\"elementor-element elementor-element-e6d5813 kill-mg-bot elementor-widget elementor-widget-text-editor\" data-id=\"e6d5813\" data-element_type=\"widget\" data-widget_type=\"text-editor.default\">\n\t\t\t\t<div class=\"elementor-widget-container\">\n\t\t\t\t\t\t\t<h5>From Thursday 13 March to Sunday 16 March:::<\/h5>\t\t\t\t\t\t<\/div>\n\t\t\t\t<\/div>\n\t\t\t\t\t<\/div>\n\t\t<\/div>\n\t\t\t\t\t\t\t<\/div>\n\t\t<\/section>\n\t\t\t\t<section class=\"elementor-section elementor-top-section elementor-element elementor-element-6533ea6 elementor-section-boxed elementor-section-height-default elementor-section-height-default\" data-id=\"6533ea6\" data-element_type=\"section\">\n\t\t\t\t\t\t<div class=\"elementor-container elementor-column-gap-default\">\n\t\t\t\t\t<div class=\"elementor-column elementor-col-50 elementor-top-column elementor-element elementor-element-3d8f89b\" data-id=\"3d8f89b\" data-element_type=\"column\">\n\t\t\t<div class=\"elementor-widget-wrap elementor-element-populated\">\n\t\t\t\t\t\t\t\t<div class=\"elementor-element elementor-element-1f98908 after-title elementor-widget elementor-widget-heading\" data-id=\"1f98908\" data-element_type=\"widget\" data-widget_type=\"heading.default\">\n\t\t\t\t<div class=\"elementor-widget-container\">\n\t\t\t<h2 class=\"elementor-heading-title elementor-size-default\"><h3 class=\"elementor-heading-title elementor-size-default\" style=\"font-style: normal; font-variant-ligatures: normal; font-variant-caps: normal; letter-spacing: normal; color: rgb(0, 0, 0); white-space-collapse: collapse;\">Panorama Young Creation<br><\/h3><h6 style=\"font-style: normal; font-variant-ligatures: normal; font-variant-caps: normal; letter-spacing: normal; color: rgb(0, 0, 0); text-transform: none; white-space-collapse: collapse;\"><a href=\"https:\/\/maps.app.goo.gl\/ZPFbQfBPoeaQ9Wfk6\" target=\"_blank\" rel=\"noopener\"><span style=\"font-weight: 700;\">Maison de la Culture, Salle Gripel, 1 rue Abb\u00e9 de l'Ep\u00e9e, Clermont-Ferrand<\/span><\/a><span style=\"color: var( --e-global-color-primary ); font-family: Bold, Helvetica, Arial, sans-serif; font-size: 42px; font-weight: 400; letter-spacing: 0px; text-transform: uppercase; white-space-collapse: preserve;\"><\/span><\/h6><\/h2>\t\t<\/div>\n\t\t\t\t<\/div>\n\t\t\t\t<div class=\"elementor-element elementor-element-c596de7 elementor-widget elementor-widget-button\" data-id=\"c596de7\" data-element_type=\"widget\" data-widget_type=\"button.default\">\n\t\t\t\t<div class=\"elementor-widget-container\">\n\t\t\t\t\t<div class=\"elementor-button-wrapper\">\n\t\t\t<a class=\"elementor-button elementor-button-link elementor-size-sm\" href=\"https:\/\/festival2025.videoformes.com\/en\/youth-festival\/panorama-of-young-creation\/\">\n\t\t\t\t\t\t<span class=\"elementor-button-content-wrapper\">\n\t\t\t\t\t\t<span class=\"elementor-button-text\">Go to the page<\/span>\n\t\t<\/span>\n\t\t\t\t\t<\/a>\n\t\t<\/div>\n\t\t\t\t<\/div>\n\t\t\t\t<\/div>\n\t\t\t\t\t<\/div>\n\t\t<\/div>\n\t\t\t\t<div class=\"elementor-column elementor-col-50 elementor-top-column elementor-element elementor-element-cd6d3e2\" data-id=\"cd6d3e2\" data-element_type=\"column\">\n\t\t\t<div class=\"elementor-widget-wrap elementor-element-populated\">\n\t\t\t\t\t\t\t\t<div class=\"elementor-element elementor-element-c9fd58c after-title elementor-widget elementor-widget-heading\" data-id=\"c9fd58c\" data-element_type=\"widget\" data-widget_type=\"heading.default\">\n\t\t\t\t<div class=\"elementor-widget-container\">\n\t\t\t<h2 class=\"elementor-heading-title elementor-size-default\"><h3 class=\"elementor-heading-title elementor-size-default\" style=\"font-style: normal; font-variant-ligatures: normal; font-variant-caps: normal; letter-spacing: normal; color: rgb(0, 0, 0); white-space-collapse: collapse;\">1 Minute Video Creation<br><\/h3><h6 style=\"font-style: normal; font-variant-ligatures: normal; font-variant-caps: normal; letter-spacing: normal; color: rgb(0, 0, 0); text-transform: none; white-space-collapse: collapse;\"><a href=\"https:\/\/maps.app.goo.gl\/ZPFbQfBPoeaQ9Wfk6\" target=\"_blank\" rel=\"noopener\"><span style=\"font-weight: 700;\">Maison de la Culture, Salle Gripel, 1 rue Abb\u00e9 de l'Ep\u00e9e, Clermont-Ferrand<\/span><\/a><span style=\"color: var( --e-global-color-primary ); font-family: Bold, Helvetica, Arial, sans-serif; font-size: 42px; font-weight: 400; letter-spacing: 0px; text-transform: uppercase; white-space-collapse: preserve;\"><\/span><\/h6><\/h2>\t\t<\/div>\n\t\t\t\t<\/div>\n\t\t\t\t<div class=\"elementor-element elementor-element-8947bab elementor-widget elementor-widget-button\" data-id=\"8947bab\" data-element_type=\"widget\" data-widget_type=\"button.default\">\n\t\t\t\t<div class=\"elementor-widget-container\">\n\t\t\t\t\t<div class=\"elementor-button-wrapper\">\n\t\t\t<a class=\"elementor-button elementor-button-link elementor-size-sm\" href=\"https:\/\/festival2025.videoformes.com\/en\/youth-festival\/1-minute-video-creation\/\">\n\t\t\t\t\t\t<span class=\"elementor-button-content-wrapper\">\n\t\t\t\t\t\t<span class=\"elementor-button-text\">Go to the page<\/span>\n\t\t<\/span>\n\t\t\t\t\t<\/a>\n\t\t<\/div>\n\t\t\t\t<\/div>\n\t\t\t\t<\/div>\n\t\t\t\t\t<\/div>\n\t\t<\/div>\n\t\t\t\t\t\t\t<\/div>\n\t\t<\/section>\n\t\t\t\t\t\t\t<\/div>\n\t\t","protected":false},"excerpt":{"rendered":"<p>Tuesday, March 22 &#8211; Saturday, April 5 YOUTH FESTIVAL Art and culture educational project Salle Gripel, Maison de la culture, 1 rue de l&#8217;Abb\u00e9 de l&#8217;\u00e9p\u00e9e\u00a0<span class=\"excerpt-hellip\"> [\u2026]<\/span><\/p>\n","protected":false},"author":2,"featured_media":0,"parent":0,"menu_order":0,"comment_status":"closed","ping_status":"closed","template":"","meta":{"inline_featured_image":false,"footnotes":""},"class_list":["post-4791","page","type-page","status-publish","hentry"],"yoast_head":"<!-- This site is optimized with the Yoast SEO plugin v20.2.1 - https:\/\/yoast.com\/wordpress\/plugins\/seo\/ -->\n<title>Youth Festival | Festival VIDEOFORMES<\/title>\n<meta name=\"robots\" content=\"index, follow, max-snippet:-1, max-image-preview:large, max-video-preview:-1\" \/>\n<link rel=\"canonical\" href=\"https:\/\/festival2025.videoformes.com\/jeune-public\/\" \/>\n<meta property=\"og:locale\" content=\"en_US\" \/>\n<meta property=\"og:type\" content=\"article\" \/>\n<meta property=\"og:title\" content=\"Youth Festival | Festival VIDEOFORMES\" \/>\n<meta property=\"og:description\" content=\"Tuesday, March 22 &#8211; Saturday, April 5 YOUTH FESTIVAL Art and culture educational project Salle Gripel, Maison de la culture, 1 rue de l&#8217;Abb\u00e9 de l&#8217;\u00e9p\u00e9e\u00a0 [\u2026]\" \/>\n<meta property=\"og:url\" content=\"https:\/\/festival2025.videoformes.com\/jeune-public\/\" \/>\n<meta property=\"og:site_name\" content=\"Festival VIDEOFORMES\" \/>\n<meta property=\"article:publisher\" content=\"https:\/\/www.facebook.com\/videoformes\" \/>\n<meta property=\"article:modified_time\" content=\"2025-03-05T13:14:26+00:00\" \/>\n<meta property=\"og:image\" content=\"https:\/\/festival2025.videoformes.com\/wp-content\/uploads\/2025\/02\/S2290007-1024x576.jpg\" \/>\n<meta name=\"twitter:card\" content=\"summary_large_image\" \/>\n<meta name=\"twitter:site\" content=\"@videoformes\" \/>\n<meta name=\"twitter:label1\" content=\"Est. reading time\" \/>\n\t<meta name=\"twitter:data1\" content=\"1 minute\" \/>\n<script type=\"application\/ld+json\" class=\"yoast-schema-graph\">{\"@context\":\"https:\/\/schema.org\",\"@graph\":[{\"@type\":\"WebPage\",\"@id\":\"https:\/\/festival2025.videoformes.com\/jeune-public\/\",\"url\":\"https:\/\/festival2025.videoformes.com\/jeune-public\/\",\"name\":\"Youth Festival | Festival VIDEOFORMES\",\"isPartOf\":{\"@id\":\"https:\/\/festival2025.videoformes.com\/#website\"},\"datePublished\":\"2022-02-09T13:48:41+00:00\",\"dateModified\":\"2025-03-05T13:14:26+00:00\",\"breadcrumb\":{\"@id\":\"https:\/\/festival2025.videoformes.com\/jeune-public\/#breadcrumb\"},\"inLanguage\":\"en-US\",\"potentialAction\":[{\"@type\":\"ReadAction\",\"target\":[\"https:\/\/festival2025.videoformes.com\/jeune-public\/\"]}]},{\"@type\":\"BreadcrumbList\",\"@id\":\"https:\/\/festival2025.videoformes.com\/jeune-public\/#breadcrumb\",\"itemListElement\":[{\"@type\":\"ListItem\",\"position\":1,\"name\":\"Accueil\",\"item\":\"https:\/\/festival2025.videoformes.com\/\"},{\"@type\":\"ListItem\",\"position\":2,\"name\":\"Youth Festival\"}]},{\"@type\":\"WebSite\",\"@id\":\"https:\/\/festival2025.videoformes.com\/#website\",\"url\":\"https:\/\/festival2025.videoformes.com\/\",\"name\":\"Festival VIDEOFORMES 2025\",\"description\":\"Festival International d&#039;Arts Hybrides et Num\u00e9riques\",\"publisher\":{\"@id\":\"https:\/\/festival2025.videoformes.com\/#organization\"},\"potentialAction\":[{\"@type\":\"SearchAction\",\"target\":{\"@type\":\"EntryPoint\",\"urlTemplate\":\"https:\/\/festival2025.videoformes.com\/?s={search_term_string}\"},\"query-input\":\"required name=search_term_string\"}],\"inLanguage\":\"en-US\"},{\"@type\":\"Organization\",\"@id\":\"https:\/\/festival2025.videoformes.com\/#organization\",\"name\":\"Festival VIDEOFORMES\",\"url\":\"https:\/\/festival2025.videoformes.com\/\",\"logo\":{\"@type\":\"ImageObject\",\"inLanguage\":\"en-US\",\"@id\":\"https:\/\/festival2025.videoformes.com\/#\/schema\/logo\/image\/\",\"url\":\"https:\/\/festival2025.videoformes.com\/wp-content\/uploads\/2022\/01\/apple-touch-icon.png\",\"contentUrl\":\"https:\/\/festival2025.videoformes.com\/wp-content\/uploads\/2022\/01\/apple-touch-icon.png\",\"width\":180,\"height\":180,\"caption\":\"Festival VIDEOFORMES\"},\"image\":{\"@id\":\"https:\/\/festival2025.videoformes.com\/#\/schema\/logo\/image\/\"},\"sameAs\":[\"https:\/\/www.facebook.com\/videoformes\",\"https:\/\/twitter.com\/videoformes\",\"https:\/\/www.instagram.com\/videoformes\/\",\"https:\/\/www.youtube.com\/channel\/UCVkAiRplvronMyMWo1bxKCg\"]}]}<\/script>\n<!-- \/ Yoast SEO plugin. -->","yoast_head_json":{"title":"Youth Festival | Festival VIDEOFORMES","robots":{"index":"index","follow":"follow","max-snippet":"max-snippet:-1","max-image-preview":"max-image-preview:large","max-video-preview":"max-video-preview:-1"},"canonical":"https:\/\/festival2025.videoformes.com\/jeune-public\/","og_locale":"en_US","og_type":"article","og_title":"Youth Festival | Festival VIDEOFORMES","og_description":"Tuesday, March 22 &#8211; Saturday, April 5 YOUTH FESTIVAL Art and culture educational project Salle Gripel, Maison de la culture, 1 rue de l&#8217;Abb\u00e9 de l&#8217;\u00e9p\u00e9e\u00a0 [\u2026]","og_url":"https:\/\/festival2025.videoformes.com\/jeune-public\/","og_site_name":"Festival VIDEOFORMES","article_publisher":"https:\/\/www.facebook.com\/videoformes","article_modified_time":"2025-03-05T13:14:26+00:00","og_image":[{"url":"https:\/\/festival2025.videoformes.com\/wp-content\/uploads\/2025\/02\/S2290007-1024x576.jpg"}],"twitter_card":"summary_large_image","twitter_site":"@videoformes","twitter_misc":{"Est. reading time":"1 minute"},"schema":{"@context":"https:\/\/schema.org","@graph":[{"@type":"WebPage","@id":"https:\/\/festival2025.videoformes.com\/jeune-public\/","url":"https:\/\/festival2025.videoformes.com\/jeune-public\/","name":"Youth Festival | Festival VIDEOFORMES","isPartOf":{"@id":"https:\/\/festival2025.videoformes.com\/#website"},"datePublished":"2022-02-09T13:48:41+00:00","dateModified":"2025-03-05T13:14:26+00:00","breadcrumb":{"@id":"https:\/\/festival2025.videoformes.com\/jeune-public\/#breadcrumb"},"inLanguage":"en-US","potentialAction":[{"@type":"ReadAction","target":["https:\/\/festival2025.videoformes.com\/jeune-public\/"]}]},{"@type":"BreadcrumbList","@id":"https:\/\/festival2025.videoformes.com\/jeune-public\/#breadcrumb","itemListElement":[{"@type":"ListItem","position":1,"name":"Accueil","item":"https:\/\/festival2025.videoformes.com\/"},{"@type":"ListItem","position":2,"name":"Youth Festival"}]},{"@type":"WebSite","@id":"https:\/\/festival2025.videoformes.com\/#website","url":"https:\/\/festival2025.videoformes.com\/","name":"Festival VIDEOFORMES 2025","description":"Festival International d&#039;Arts Hybrides et Num\u00e9riques","publisher":{"@id":"https:\/\/festival2025.videoformes.com\/#organization"},"potentialAction":[{"@type":"SearchAction","target":{"@type":"EntryPoint","urlTemplate":"https:\/\/festival2025.videoformes.com\/?s={search_term_string}"},"query-input":"required name=search_term_string"}],"inLanguage":"en-US"},{"@type":"Organization","@id":"https:\/\/festival2025.videoformes.com\/#organization","name":"Festival VIDEOFORMES","url":"https:\/\/festival2025.videoformes.com\/","logo":{"@type":"ImageObject","inLanguage":"en-US","@id":"https:\/\/festival2025.videoformes.com\/#\/schema\/logo\/image\/","url":"https:\/\/festival2025.videoformes.com\/wp-content\/uploads\/2022\/01\/apple-touch-icon.png","contentUrl":"https:\/\/festival2025.videoformes.com\/wp-content\/uploads\/2022\/01\/apple-touch-icon.png","width":180,"height":180,"caption":"Festival VIDEOFORMES"},"image":{"@id":"https:\/\/festival2025.videoformes.com\/#\/schema\/logo\/image\/"},"sameAs":["https:\/\/www.facebook.com\/videoformes","https:\/\/twitter.com\/videoformes","https:\/\/www.instagram.com\/videoformes\/","https:\/\/www.youtube.com\/channel\/UCVkAiRplvronMyMWo1bxKCg"]}]}},"_links":{"self":[{"href":"https:\/\/festival2025.videoformes.com\/en\/wp-json\/wp\/v2\/pages\/4791","targetHints":{"allow":["GET"]}}],"collection":[{"href":"https:\/\/festival2025.videoformes.com\/en\/wp-json\/wp\/v2\/pages"}],"about":[{"href":"https:\/\/festival2025.videoformes.com\/en\/wp-json\/wp\/v2\/types\/page"}],"author":[{"embeddable":true,"href":"https:\/\/festival2025.videoformes.com\/en\/wp-json\/wp\/v2\/users\/2"}],"replies":[{"embeddable":true,"href":"https:\/\/festival2025.videoformes.com\/en\/wp-json\/wp\/v2\/comments?post=4791"}],"version-history":[{"count":46,"href":"https:\/\/festival2025.videoformes.com\/en\/wp-json\/wp\/v2\/pages\/4791\/revisions"}],"predecessor-version":[{"id":14950,"href":"https:\/\/festival2025.videoformes.com\/en\/wp-json\/wp\/v2\/pages\/4791\/revisions\/14950"}],"wp:attachment":[{"href":"https:\/\/festival2025.videoformes.com\/en\/wp-json\/wp\/v2\/media?parent=4791"}],"curies":[{"name":"wp","href":"https:\/\/api.w.org\/{rel}","templated":true}]}}