{"id":13787,"date":"2025-02-27T09:35:18","date_gmt":"2025-02-27T08:35:18","guid":{"rendered":"https:\/\/festival2025.videoformes.com\/?page_id=13787"},"modified":"2025-03-04T10:53:59","modified_gmt":"2025-03-04T09:53:59","slug":"visites-scolaires","status":"publish","type":"page","link":"https:\/\/festival2025.videoformes.com\/en\/visites-scolaires\/","title":{"rendered":"School visits"},"content":{"rendered":"\t\t<div data-elementor-type=\"wp-page\" data-elementor-id=\"13787\" class=\"elementor elementor-13787\">\n\t\t\t\t\t\t\t\t\t<section class=\"elementor-section elementor-top-section elementor-element elementor-element-2dc2474 elementor-section-content-middle trait-after elementor-section-boxed elementor-section-height-default elementor-section-height-default\" data-id=\"2dc2474\" data-element_type=\"section\">\n\t\t\t\t\t\t<div class=\"elementor-container elementor-column-gap-default\">\n\t\t\t\t\t<div class=\"elementor-column elementor-col-100 elementor-top-column elementor-element elementor-element-c8bff0a\" data-id=\"c8bff0a\" data-element_type=\"column\" data-settings=\"{&quot;background_background&quot;:&quot;classic&quot;}\">\n\t\t\t<div class=\"elementor-widget-wrap elementor-element-populated\">\n\t\t\t\t\t\t\t\t<div class=\"elementor-element elementor-element-2012611 kill-mg-bot elementor-widget elementor-widget-text-editor\" data-id=\"2012611\" data-element_type=\"widget\" data-widget_type=\"text-editor.default\">\n\t\t\t\t<div class=\"elementor-widget-container\">\n\t\t\t<style>\/*! elementor - v3.18.0 - 20-12-2023 *\/\n.elementor-widget-text-editor.elementor-drop-cap-view-stacked .elementor-drop-cap{background-color:#69727d;color:#fff}.elementor-widget-text-editor.elementor-drop-cap-view-framed .elementor-drop-cap{color:#69727d;border:3px solid;background-color:transparent}.elementor-widget-text-editor:not(.elementor-drop-cap-view-default) .elementor-drop-cap{margin-top:8px}.elementor-widget-text-editor:not(.elementor-drop-cap-view-default) .elementor-drop-cap-letter{width:1em;height:1em}.elementor-widget-text-editor .elementor-drop-cap{float:left;text-align:center;line-height:1;font-size:50px}.elementor-widget-text-editor .elementor-drop-cap-letter{display:inline-block}<\/style>\t\t\t\t<p>Thursday, March 13 to Sunday, March 16, 2025<\/p>\t\t\t\t\t\t<\/div>\n\t\t\t\t<\/div>\n\t\t\t\t<div class=\"elementor-element elementor-element-bf930e7 after-title elementor-widget elementor-widget-heading\" data-id=\"bf930e7\" data-element_type=\"widget\" data-widget_type=\"heading.default\">\n\t\t\t\t<div class=\"elementor-widget-container\">\n\t\t\t<style>\/*! elementor - v3.18.0 - 20-12-2023 *\/\n.elementor-heading-title{padding:0;margin:0;line-height:1}.elementor-widget-heading .elementor-heading-title[class*=elementor-size-]>a{color:inherit;font-size:inherit;line-height:inherit}.elementor-widget-heading .elementor-heading-title.elementor-size-small{font-size:15px}.elementor-widget-heading .elementor-heading-title.elementor-size-medium{font-size:19px}.elementor-widget-heading .elementor-heading-title.elementor-size-large{font-size:29px}.elementor-widget-heading .elementor-heading-title.elementor-size-xl{font-size:39px}.elementor-widget-heading .elementor-heading-title.elementor-size-xxl{font-size:59px}<\/style><h2 class=\"elementor-heading-title elementor-size-default\">school visits of the exhibitions<\/h2>\t\t<\/div>\n\t\t\t\t<\/div>\n\t\t\t\t<div class=\"elementor-element elementor-element-167176c kill-mg-bot elementor-widget elementor-widget-text-editor\" data-id=\"167176c\" data-element_type=\"widget\" data-widget_type=\"text-editor.default\">\n\t\t\t\t<div class=\"elementor-widget-container\">\n\t\t\t\t\t\t\t<p>During the week, the <strong>VIDEO<\/strong>FORMES festival exhibitions will be open to school groups from 1pm to 7pm, <strong>subject to booking<\/strong> (booking details below).<\/p>\t\t\t\t\t\t<\/div>\n\t\t\t\t<\/div>\n\t\t\t\t\t<\/div>\n\t\t<\/div>\n\t\t\t\t\t\t\t<\/div>\n\t\t<\/section>\n\t\t\t\t<section class=\"elementor-section elementor-top-section elementor-element elementor-element-e073f4d elementor-section-boxed elementor-section-height-default elementor-section-height-default\" data-id=\"e073f4d\" data-element_type=\"section\">\n\t\t\t\t\t\t<div class=\"elementor-container elementor-column-gap-default\">\n\t\t\t\t\t<div class=\"elementor-column elementor-col-100 elementor-top-column elementor-element elementor-element-c51b58b\" data-id=\"c51b58b\" data-element_type=\"column\">\n\t\t\t<div class=\"elementor-widget-wrap elementor-element-populated\">\n\t\t\t\t\t\t\t\t<div class=\"elementor-element elementor-element-ad2b174 elementor-widget__width-initial elementor-widget elementor-widget-text-editor\" data-id=\"ad2b174\" data-element_type=\"widget\" data-widget_type=\"text-editor.default\">\n\t\t\t\t<div class=\"elementor-widget-container\">\n\t\t\t\t\t\t\t<p>The artists exhibiting this year are :<\/p>\t\t\t\t\t\t<\/div>\n\t\t\t\t<\/div>\n\t\t\t\t\t<\/div>\n\t\t<\/div>\n\t\t\t\t\t\t\t<\/div>\n\t\t<\/section>\n\t\t\t\t<section class=\"elementor-section elementor-top-section elementor-element elementor-element-74931f9 elementor-section-boxed elementor-section-height-default elementor-section-height-default\" data-id=\"74931f9\" data-element_type=\"section\">\n\t\t\t\t\t\t<div class=\"elementor-container elementor-column-gap-default\">\n\t\t\t\t\t<div class=\"elementor-column elementor-col-33 elementor-top-column elementor-element elementor-element-6fe98fc\" data-id=\"6fe98fc\" data-element_type=\"column\">\n\t\t\t<div class=\"elementor-widget-wrap elementor-element-populated\">\n\t\t\t\t\t\t\t\t<div class=\"elementor-element elementor-element-0ccf794 elementor-widget elementor-widget-text-editor\" data-id=\"0ccf794\" data-element_type=\"widget\" data-widget_type=\"text-editor.default\">\n\t\t\t\t<div class=\"elementor-widget-container\">\n\t\t\t\t\t\t\t<ul><li>Chapelle de l&#8217;ancien h\u00f4pital g\u00e9n\u00e9ral (rue Sainte Rose)<\/li><\/ul><p><a href=\"https:\/\/festival2025.videoformes.com\/expositions\/torres\/\"><strong><em>Trame en Temps r\u00e9el\u00a0<\/em><\/strong><strong>&#8211;\u00a0<\/strong>Santiago Torres<\/a><br \/><a href=\"https:\/\/festival2025.videoformes.com\/expositions\/ciciliato\/\"><em><strong>SABIA-VR &#8211;<\/strong><\/em><em>\u00a0<\/em>Vincent Ciciliato<\/a><br \/><a href=\"https:\/\/festival2025.videoformes.com\/guillaume\/\"><em><strong>Le Puits &#8211;\u00a0<\/strong><\/em>Agn\u00e8s Guillaume<\/a><\/p><ul><li>Chapelle de l&#8217;Oratoire (14 rue de l&#8217;Oratoire)<\/li><\/ul><p><a href=\"https:\/\/festival2025.videoformes.com\/expositions\/joffroy-chandoutis\/\"><em><strong>Goldbearg&#8217;s Variations\u00a0<\/strong><\/em>&#8211; Isma\u00ebl Joffroy Chandoutis<\/a><\/p><ul><li>Jardin du Museum Lecoq<\/li><\/ul><p><a href=\"https:\/\/festival2025.videoformes.com\/expositions\/hessels\/\"><em><strong>LOVEBIRDS GARDEN\u00a0<\/strong><\/em><em>&#8211;\u00a0<\/em>Scott Hessels<\/a><\/p><ul><li>Lieu jeunesse Anatole France (99-105 rue Anatole France)<\/li><\/ul><p><a href=\"https:\/\/festival2025.videoformes.com\/expositions\/nillus\/\"><em><strong>D\u00e9-payser\u00a0<\/strong><\/em>&#8211; Laure Nillus<\/a><\/p>\t\t\t\t\t\t<\/div>\n\t\t\t\t<\/div>\n\t\t\t\t\t<\/div>\n\t\t<\/div>\n\t\t\t\t<div class=\"elementor-column elementor-col-33 elementor-top-column elementor-element elementor-element-9c25d75\" data-id=\"9c25d75\" data-element_type=\"column\">\n\t\t\t<div class=\"elementor-widget-wrap\">\n\t\t\t\t\t\t\t\t\t<\/div>\n\t\t<\/div>\n\t\t\t\t<div class=\"elementor-column elementor-col-33 elementor-top-column elementor-element elementor-element-b6e5ce4\" data-id=\"b6e5ce4\" data-element_type=\"column\">\n\t\t\t<div class=\"elementor-widget-wrap elementor-element-populated\">\n\t\t\t\t\t\t\t\t<div class=\"elementor-element elementor-element-f26d5dc elementor-widget__width-initial elementor-widget elementor-widget-text-editor\" data-id=\"f26d5dc\" data-element_type=\"widget\" data-widget_type=\"text-editor.default\">\n\t\t\t\t<div class=\"elementor-widget-container\">\n\t\t\t\t\t\t\t<ul><li>Salle Gilbert-Gaillard (2 rue Saint Pierre)<\/li><\/ul><p><a href=\"https:\/\/festival2025.videoformes.com\/expositions\/tourte\/\"><em><strong>Fondation\u00a0<\/strong><\/em>&#8211; Nicolas Tourte<\/a><br \/><a href=\"https:\/\/festival2025.videoformes.com\/expositions\/rizzo\/\"><strong><em>Rituel de l&#8217;eau, Rishi&#8217;s Upanayanam &#8211;<\/em><\/strong> V\u00e9ronique Rizzo<\/a><br \/><a href=\"https:\/\/festival2025.videoformes.com\/expositions\/reynaud\/\"><em><strong>LEMNA &#8211;<\/strong><\/em> Mathilde Reynaud<\/a><br \/><a href=\"https:\/\/festival2025.videoformes.com\/expositions\/vogel\/\"><em><strong>La Salamandra <\/strong><\/em>&#8211; Fran\u00e7ois Vogel<\/a><br \/><a href=\"https:\/\/festival2025.videoformes.com\/expositions\/sanborn\/\"><em><strong>a dog dreams (of god) <\/strong><\/em>&#8211; John Sanborn<\/a><br \/><a href=\"https:\/\/festival2025.videoformes.com\/expositions\/scenocosme\/\"><em><strong>Lights Contacts <\/strong><\/em>&#8211; Scenocosme<\/a><br \/><a href=\"https:\/\/festival2025.videoformes.com\/expositions\/heewon-lee\/\"><em><strong>The rain<\/strong><\/em>&#8211; Lee Heewon<\/a><br \/><a href=\"https:\/\/festival2025.videoformes.com\/expositions\/grecu\/\"><em><strong>Digital Desert &#8211; <\/strong><\/em>Mihai Grecu<\/a><\/p><ul><li>Chapelle du couvent de Beaurepaire (45 rue Eug\u00e8ne Gilbert)<\/li><\/ul><p><a href=\"https:\/\/festival2025.videoformes.com\/expositions\/cuneaz\/\"><em><strong><a href=\"https:\/\/festival2025.videoformes.com\/expositions\/cuneaz\/\">I Cercatori Di Luce<\/a> <\/strong><\/em><em>&#8211;\u00a0<\/em>Giuliana Cun\u00e9az<\/a><\/p>\t\t\t\t\t\t<\/div>\n\t\t\t\t<\/div>\n\t\t\t\t\t<\/div>\n\t\t<\/div>\n\t\t\t\t\t\t\t<\/div>\n\t\t<\/section>\n\t\t\t\t<section class=\"elementor-section elementor-top-section elementor-element elementor-element-d7dfed8 elementor-section-boxed elementor-section-height-default elementor-section-height-default\" data-id=\"d7dfed8\" data-element_type=\"section\">\n\t\t\t\t\t\t<div class=\"elementor-container elementor-column-gap-default\">\n\t\t\t\t\t<div class=\"elementor-column elementor-col-33 elementor-top-column elementor-element elementor-element-00f0151\" data-id=\"00f0151\" data-element_type=\"column\">\n\t\t\t<div class=\"elementor-widget-wrap\">\n\t\t\t\t\t\t\t\t\t<\/div>\n\t\t<\/div>\n\t\t\t\t<div class=\"elementor-column elementor-col-33 elementor-top-column elementor-element elementor-element-4967daf\" data-id=\"4967daf\" data-element_type=\"column\">\n\t\t\t<div class=\"elementor-widget-wrap elementor-element-populated\">\n\t\t\t\t\t\t\t\t<div class=\"elementor-element elementor-element-26d696e elementor-widget elementor-widget-text-editor\" data-id=\"26d696e\" data-element_type=\"widget\" data-widget_type=\"text-editor.default\">\n\t\t\t\t<div class=\"elementor-widget-container\">\n\t\t\t\t\t\t\t<ul><li style=\"text-align: center;\">Arr\u00eats de tramway (Jaude, Gaillard, Maison de la culture, Saint-Jacques Dolet)<\/li><\/ul><p style=\"text-align: center;\"><a href=\"https:\/\/festival2025.videoformes.com\/expositions\/jeanney\/\"><em><strong>Blue rain\u00a0<\/strong><\/em>&#8211; Aur\u00e9lien Jeanney<\/a><\/p>\t\t\t\t\t\t<\/div>\n\t\t\t\t<\/div>\n\t\t\t\t\t<\/div>\n\t\t<\/div>\n\t\t\t\t<div class=\"elementor-column elementor-col-33 elementor-top-column elementor-element elementor-element-0df203d\" data-id=\"0df203d\" data-element_type=\"column\">\n\t\t\t<div class=\"elementor-widget-wrap\">\n\t\t\t\t\t\t\t\t\t<\/div>\n\t\t<\/div>\n\t\t\t\t\t\t\t<\/div>\n\t\t<\/section>\n\t\t\t\t\t\t\t<\/div>\n\t\t","protected":false},"excerpt":{"rendered":"<p>Thursday, March 13 to Sunday, March 16, 2025 school visits of the exhibitions During the week, the VIDEOFORMES festival exhibitions will be open to school groups<span class=\"excerpt-hellip\"> [\u2026]<\/span><\/p>\n","protected":false},"author":2,"featured_media":0,"parent":0,"menu_order":0,"comment_status":"closed","ping_status":"closed","template":"","meta":{"inline_featured_image":false,"footnotes":""},"class_list":["post-13787","page","type-page","status-publish","hentry"],"yoast_head":"<!-- This site is optimized with the Yoast SEO plugin v20.2.1 - https:\/\/yoast.com\/wordpress\/plugins\/seo\/ -->\n<title>School visits | Festival VIDEOFORMES<\/title>\n<meta name=\"robots\" content=\"index, follow, max-snippet:-1, max-image-preview:large, max-video-preview:-1\" \/>\n<link rel=\"canonical\" href=\"https:\/\/festival2025.videoformes.com\/en\/visites-scolaires\/\" \/>\n<meta property=\"og:locale\" content=\"en_US\" \/>\n<meta property=\"og:type\" content=\"article\" \/>\n<meta property=\"og:title\" content=\"School visits | Festival VIDEOFORMES\" \/>\n<meta property=\"og:description\" content=\"Thursday, March 13 to Sunday, March 16, 2025 school visits of the exhibitions During the week, the VIDEOFORMES festival exhibitions will be open to school groups [\u2026]\" \/>\n<meta property=\"og:url\" content=\"https:\/\/festival2025.videoformes.com\/en\/visites-scolaires\/\" \/>\n<meta property=\"og:site_name\" content=\"Festival VIDEOFORMES\" \/>\n<meta property=\"article:publisher\" content=\"https:\/\/www.facebook.com\/videoformes\" \/>\n<meta property=\"article:modified_time\" content=\"2025-03-04T09:53:59+00:00\" \/>\n<meta property=\"og:image\" content=\"https:\/\/festival2025.videoformes.com\/wp-content\/uploads\/2025\/02\/VISUEL-1000x1000-REGIS-.png\" \/>\n\t<meta property=\"og:image:width\" content=\"1000\" \/>\n\t<meta property=\"og:image:height\" content=\"1000\" \/>\n\t<meta property=\"og:image:type\" content=\"image\/png\" \/>\n<meta name=\"twitter:card\" content=\"summary_large_image\" \/>\n<meta name=\"twitter:site\" content=\"@videoformes\" \/>\n<meta name=\"twitter:label1\" content=\"Est. reading time\" \/>\n\t<meta name=\"twitter:data1\" content=\"1 minute\" \/>\n<script type=\"application\/ld+json\" class=\"yoast-schema-graph\">{\"@context\":\"https:\/\/schema.org\",\"@graph\":[{\"@type\":\"WebPage\",\"@id\":\"https:\/\/festival2025.videoformes.com\/en\/visites-scolaires\/\",\"url\":\"https:\/\/festival2025.videoformes.com\/en\/visites-scolaires\/\",\"name\":\"School visits | Festival VIDEOFORMES\",\"isPartOf\":{\"@id\":\"https:\/\/festival2025.videoformes.com\/#website\"},\"datePublished\":\"2025-02-27T08:35:18+00:00\",\"dateModified\":\"2025-03-04T09:53:59+00:00\",\"breadcrumb\":{\"@id\":\"https:\/\/festival2025.videoformes.com\/en\/visites-scolaires\/#breadcrumb\"},\"inLanguage\":\"en-US\",\"potentialAction\":[{\"@type\":\"ReadAction\",\"target\":[\"https:\/\/festival2025.videoformes.com\/en\/visites-scolaires\/\"]}]},{\"@type\":\"BreadcrumbList\",\"@id\":\"https:\/\/festival2025.videoformes.com\/en\/visites-scolaires\/#breadcrumb\",\"itemListElement\":[{\"@type\":\"ListItem\",\"position\":1,\"name\":\"Accueil\",\"item\":\"https:\/\/festival2025.videoformes.com\/\"},{\"@type\":\"ListItem\",\"position\":2,\"name\":\"School visits\"}]},{\"@type\":\"WebSite\",\"@id\":\"https:\/\/festival2025.videoformes.com\/#website\",\"url\":\"https:\/\/festival2025.videoformes.com\/\",\"name\":\"Festival VIDEOFORMES 2025\",\"description\":\"Festival International d&#039;Arts Hybrides et Num\u00e9riques\",\"publisher\":{\"@id\":\"https:\/\/festival2025.videoformes.com\/#organization\"},\"potentialAction\":[{\"@type\":\"SearchAction\",\"target\":{\"@type\":\"EntryPoint\",\"urlTemplate\":\"https:\/\/festival2025.videoformes.com\/?s={search_term_string}\"},\"query-input\":\"required name=search_term_string\"}],\"inLanguage\":\"en-US\"},{\"@type\":\"Organization\",\"@id\":\"https:\/\/festival2025.videoformes.com\/#organization\",\"name\":\"Festival VIDEOFORMES\",\"url\":\"https:\/\/festival2025.videoformes.com\/\",\"logo\":{\"@type\":\"ImageObject\",\"inLanguage\":\"en-US\",\"@id\":\"https:\/\/festival2025.videoformes.com\/#\/schema\/logo\/image\/\",\"url\":\"https:\/\/festival2025.videoformes.com\/wp-content\/uploads\/2022\/01\/apple-touch-icon.png\",\"contentUrl\":\"https:\/\/festival2025.videoformes.com\/wp-content\/uploads\/2022\/01\/apple-touch-icon.png\",\"width\":180,\"height\":180,\"caption\":\"Festival VIDEOFORMES\"},\"image\":{\"@id\":\"https:\/\/festival2025.videoformes.com\/#\/schema\/logo\/image\/\"},\"sameAs\":[\"https:\/\/www.facebook.com\/videoformes\",\"https:\/\/twitter.com\/videoformes\",\"https:\/\/www.instagram.com\/videoformes\/\",\"https:\/\/www.youtube.com\/channel\/UCVkAiRplvronMyMWo1bxKCg\"]}]}<\/script>\n<!-- \/ Yoast SEO plugin. -->","yoast_head_json":{"title":"School visits | Festival VIDEOFORMES","robots":{"index":"index","follow":"follow","max-snippet":"max-snippet:-1","max-image-preview":"max-image-preview:large","max-video-preview":"max-video-preview:-1"},"canonical":"https:\/\/festival2025.videoformes.com\/en\/visites-scolaires\/","og_locale":"en_US","og_type":"article","og_title":"School visits | Festival VIDEOFORMES","og_description":"Thursday, March 13 to Sunday, March 16, 2025 school visits of the exhibitions During the week, the VIDEOFORMES festival exhibitions will be open to school groups [\u2026]","og_url":"https:\/\/festival2025.videoformes.com\/en\/visites-scolaires\/","og_site_name":"Festival VIDEOFORMES","article_publisher":"https:\/\/www.facebook.com\/videoformes","article_modified_time":"2025-03-04T09:53:59+00:00","og_image":[{"width":1000,"height":1000,"url":"https:\/\/festival2025.videoformes.com\/wp-content\/uploads\/2025\/02\/VISUEL-1000x1000-REGIS-.png","type":"image\/png"}],"twitter_card":"summary_large_image","twitter_site":"@videoformes","twitter_misc":{"Est. reading time":"1 minute"},"schema":{"@context":"https:\/\/schema.org","@graph":[{"@type":"WebPage","@id":"https:\/\/festival2025.videoformes.com\/en\/visites-scolaires\/","url":"https:\/\/festival2025.videoformes.com\/en\/visites-scolaires\/","name":"School visits | Festival VIDEOFORMES","isPartOf":{"@id":"https:\/\/festival2025.videoformes.com\/#website"},"datePublished":"2025-02-27T08:35:18+00:00","dateModified":"2025-03-04T09:53:59+00:00","breadcrumb":{"@id":"https:\/\/festival2025.videoformes.com\/en\/visites-scolaires\/#breadcrumb"},"inLanguage":"en-US","potentialAction":[{"@type":"ReadAction","target":["https:\/\/festival2025.videoformes.com\/en\/visites-scolaires\/"]}]},{"@type":"BreadcrumbList","@id":"https:\/\/festival2025.videoformes.com\/en\/visites-scolaires\/#breadcrumb","itemListElement":[{"@type":"ListItem","position":1,"name":"Accueil","item":"https:\/\/festival2025.videoformes.com\/"},{"@type":"ListItem","position":2,"name":"School visits"}]},{"@type":"WebSite","@id":"https:\/\/festival2025.videoformes.com\/#website","url":"https:\/\/festival2025.videoformes.com\/","name":"Festival VIDEOFORMES 2025","description":"Festival International d&#039;Arts Hybrides et Num\u00e9riques","publisher":{"@id":"https:\/\/festival2025.videoformes.com\/#organization"},"potentialAction":[{"@type":"SearchAction","target":{"@type":"EntryPoint","urlTemplate":"https:\/\/festival2025.videoformes.com\/?s={search_term_string}"},"query-input":"required name=search_term_string"}],"inLanguage":"en-US"},{"@type":"Organization","@id":"https:\/\/festival2025.videoformes.com\/#organization","name":"Festival VIDEOFORMES","url":"https:\/\/festival2025.videoformes.com\/","logo":{"@type":"ImageObject","inLanguage":"en-US","@id":"https:\/\/festival2025.videoformes.com\/#\/schema\/logo\/image\/","url":"https:\/\/festival2025.videoformes.com\/wp-content\/uploads\/2022\/01\/apple-touch-icon.png","contentUrl":"https:\/\/festival2025.videoformes.com\/wp-content\/uploads\/2022\/01\/apple-touch-icon.png","width":180,"height":180,"caption":"Festival VIDEOFORMES"},"image":{"@id":"https:\/\/festival2025.videoformes.com\/#\/schema\/logo\/image\/"},"sameAs":["https:\/\/www.facebook.com\/videoformes","https:\/\/twitter.com\/videoformes","https:\/\/www.instagram.com\/videoformes\/","https:\/\/www.youtube.com\/channel\/UCVkAiRplvronMyMWo1bxKCg"]}]}},"_links":{"self":[{"href":"https:\/\/festival2025.videoformes.com\/en\/wp-json\/wp\/v2\/pages\/13787","targetHints":{"allow":["GET"]}}],"collection":[{"href":"https:\/\/festival2025.videoformes.com\/en\/wp-json\/wp\/v2\/pages"}],"about":[{"href":"https:\/\/festival2025.videoformes.com\/en\/wp-json\/wp\/v2\/types\/page"}],"author":[{"embeddable":true,"href":"https:\/\/festival2025.videoformes.com\/en\/wp-json\/wp\/v2\/users\/2"}],"replies":[{"embeddable":true,"href":"https:\/\/festival2025.videoformes.com\/en\/wp-json\/wp\/v2\/comments?post=13787"}],"version-history":[{"count":12,"href":"https:\/\/festival2025.videoformes.com\/en\/wp-json\/wp\/v2\/pages\/13787\/revisions"}],"predecessor-version":[{"id":14458,"href":"https:\/\/festival2025.videoformes.com\/en\/wp-json\/wp\/v2\/pages\/13787\/revisions\/14458"}],"wp:attachment":[{"href":"https:\/\/festival2025.videoformes.com\/en\/wp-json\/wp\/v2\/media?parent=13787"}],"curies":[{"name":"wp","href":"https:\/\/api.w.org\/{rel}","templated":true}]}}