{"id":12902,"date":"2025-02-19T16:51:13","date_gmt":"2025-02-19T15:51:13","guid":{"rendered":"https:\/\/festival2025.videoformes.com\/?page_id=12902"},"modified":"2025-02-19T16:54:08","modified_gmt":"2025-02-19T15:54:08","slug":"mediatheque-hugo-pratt","status":"publish","type":"page","link":"https:\/\/festival2025.videoformes.com\/en\/resonances\/mediatheque-hugo-pratt\/","title":{"rendered":"M\u00e9diath\u00e8que Hugo Pratt"},"content":{"rendered":"\t\t<div data-elementor-type=\"wp-page\" data-elementor-id=\"12902\" class=\"elementor elementor-12902 elementor-10743\">\n\t\t\t\t\t\t\t\t\t<section class=\"elementor-section elementor-top-section elementor-element elementor-element-4073763 elementor-section-content-middle trait-after elementor-section-boxed elementor-section-height-default elementor-section-height-default\" data-id=\"4073763\" data-element_type=\"section\">\n\t\t\t\t\t\t<div class=\"elementor-container elementor-column-gap-default\">\n\t\t\t\t\t<div class=\"elementor-column elementor-col-50 elementor-top-column elementor-element elementor-element-0749932\" data-id=\"0749932\" data-element_type=\"column\" data-settings=\"{&quot;background_background&quot;:&quot;classic&quot;}\">\n\t\t\t<div class=\"elementor-widget-wrap elementor-element-populated\">\n\t\t\t\t\t\t\t\t<div class=\"elementor-element elementor-element-6b9abfd elementor-widget__width-initial elementor-widget elementor-widget-image\" data-id=\"6b9abfd\" data-element_type=\"widget\" data-widget_type=\"image.default\">\n\t\t\t\t<div class=\"elementor-widget-container\">\n\t\t\t<style>\/*! elementor - v3.18.0 - 20-12-2023 *\/\n.elementor-widget-image{text-align:center}.elementor-widget-image a{display:inline-block}.elementor-widget-image a img[src$=\".svg\"]{width:48px}.elementor-widget-image img{vertical-align:middle;display:inline-block}<\/style>\t\t\t\t\t\t\t\t\t\t\t\t<img fetchpriority=\"high\" decoding=\"async\" width=\"819\" height=\"1024\" src=\"https:\/\/festival2025.videoformes.com\/wp-content\/uploads\/2025\/01\/MaisonTangible_Portfolio_PurpleRain_05-\u00a9-Maison-Tangible-819x1024.jpg\" class=\"attachment-large size-large wp-image-9563\" alt=\"\" srcset=\"https:\/\/festival2025.videoformes.com\/wp-content\/uploads\/2025\/01\/MaisonTangible_Portfolio_PurpleRain_05-\u00a9-Maison-Tangible-819x1024.jpg 819w, https:\/\/festival2025.videoformes.com\/wp-content\/uploads\/2025\/01\/MaisonTangible_Portfolio_PurpleRain_05-\u00a9-Maison-Tangible-240x300.jpg 240w, https:\/\/festival2025.videoformes.com\/wp-content\/uploads\/2025\/01\/MaisonTangible_Portfolio_PurpleRain_05-\u00a9-Maison-Tangible-768x960.jpg 768w, https:\/\/festival2025.videoformes.com\/wp-content\/uploads\/2025\/01\/MaisonTangible_Portfolio_PurpleRain_05-\u00a9-Maison-Tangible-117x146.jpg 117w, https:\/\/festival2025.videoformes.com\/wp-content\/uploads\/2025\/01\/MaisonTangible_Portfolio_PurpleRain_05-\u00a9-Maison-Tangible-40x50.jpg 40w, https:\/\/festival2025.videoformes.com\/wp-content\/uploads\/2025\/01\/MaisonTangible_Portfolio_PurpleRain_05-\u00a9-Maison-Tangible-60x75.jpg 60w, https:\/\/festival2025.videoformes.com\/wp-content\/uploads\/2025\/01\/MaisonTangible_Portfolio_PurpleRain_05-\u00a9-Maison-Tangible.jpg 1080w\" sizes=\"(max-width: 819px) 100vw, 819px\" \/>\t\t\t\t\t\t\t\t\t\t\t\t\t\t\t<\/div>\n\t\t\t\t<\/div>\n\t\t\t\t\t<\/div>\n\t\t<\/div>\n\t\t\t\t<div class=\"elementor-column elementor-col-50 elementor-top-column elementor-element elementor-element-b7f60b9\" data-id=\"b7f60b9\" data-element_type=\"column\" data-settings=\"{&quot;background_background&quot;:&quot;classic&quot;}\">\n\t\t\t<div class=\"elementor-widget-wrap elementor-element-populated\">\n\t\t\t\t\t\t\t\t<div class=\"elementor-element elementor-element-5dbcc0f kill-mg-bot elementor-widget elementor-widget-text-editor\" data-id=\"5dbcc0f\" data-element_type=\"widget\" data-widget_type=\"text-editor.default\">\n\t\t\t\t<div class=\"elementor-widget-container\">\n\t\t\t<style>\/*! elementor - v3.18.0 - 20-12-2023 *\/\n.elementor-widget-text-editor.elementor-drop-cap-view-stacked .elementor-drop-cap{background-color:#69727d;color:#fff}.elementor-widget-text-editor.elementor-drop-cap-view-framed .elementor-drop-cap{color:#69727d;border:3px solid;background-color:transparent}.elementor-widget-text-editor:not(.elementor-drop-cap-view-default) .elementor-drop-cap{margin-top:8px}.elementor-widget-text-editor:not(.elementor-drop-cap-view-default) .elementor-drop-cap-letter{width:1em;height:1em}.elementor-widget-text-editor .elementor-drop-cap{float:left;text-align:center;line-height:1;font-size:50px}.elementor-widget-text-editor .elementor-drop-cap-letter{display:inline-block}<\/style>\t\t\t\t<p>Tuesday, March 4 &gt; Saturday, March 29<\/p>\t\t\t\t\t\t<\/div>\n\t\t\t\t<\/div>\n\t\t\t\t<div class=\"elementor-element elementor-element-5aee3b4 after-title elementor-widget__width-initial elementor-widget elementor-widget-heading\" data-id=\"5aee3b4\" data-element_type=\"widget\" data-widget_type=\"heading.default\">\n\t\t\t\t<div class=\"elementor-widget-container\">\n\t\t\t<style>\/*! elementor - v3.18.0 - 20-12-2023 *\/\n.elementor-heading-title{padding:0;margin:0;line-height:1}.elementor-widget-heading .elementor-heading-title[class*=elementor-size-]>a{color:inherit;font-size:inherit;line-height:inherit}.elementor-widget-heading .elementor-heading-title.elementor-size-small{font-size:15px}.elementor-widget-heading .elementor-heading-title.elementor-size-medium{font-size:19px}.elementor-widget-heading .elementor-heading-title.elementor-size-large{font-size:29px}.elementor-widget-heading .elementor-heading-title.elementor-size-xl{font-size:39px}.elementor-widget-heading .elementor-heading-title.elementor-size-xxl{font-size:59px}<\/style><h2 class=\"elementor-heading-title elementor-size-default\">Purple rain<\/h2>\t\t<\/div>\n\t\t\t\t<\/div>\n\t\t\t\t<div class=\"elementor-element elementor-element-f6d6398 kill-mg-bot elementor-widget elementor-widget-text-editor\" data-id=\"f6d6398\" data-element_type=\"widget\" data-widget_type=\"text-editor.default\">\n\t\t\t\t<div class=\"elementor-widget-container\">\n\t\t\t\t\t\t\t<p><strong><a href=\"https:\/\/maps.app.goo.gl\/33saBJ1pQefYUyQx7\">M\u00e9diath\u00e8que Hugo Pratt, 1 rue Pierre Jacquet<\/a><\/strong><\/p><p><strong>Open to the public | Without reservation | Opening hours<\/strong><\/p><p><strong>13 mars 2025 ::: Rencontre avec Aur\u00e9lien Jeanney<\/strong><\/p>\t\t\t\t\t\t<\/div>\n\t\t\t\t<\/div>\n\t\t\t\t<div class=\"elementor-element elementor-element-74d45ad kill-mg-bot elementor-widget elementor-widget-text-editor\" data-id=\"74d45ad\" data-element_type=\"widget\" data-widget_type=\"text-editor.default\">\n\t\t\t\t<div class=\"elementor-widget-container\">\n\t\t\t\t\t\t\t\t\t\t\t\t\t<\/div>\n\t\t\t\t<\/div>\n\t\t\t\t\t<\/div>\n\t\t<\/div>\n\t\t\t\t\t\t\t<\/div>\n\t\t<\/section>\n\t\t\t\t<section class=\"elementor-section elementor-top-section elementor-element elementor-element-3e4a2cc elementor-section-boxed elementor-section-height-default elementor-section-height-default\" data-id=\"3e4a2cc\" data-element_type=\"section\">\n\t\t\t\t\t\t<div class=\"elementor-container elementor-column-gap-default\">\n\t\t\t\t\t<div class=\"elementor-column elementor-col-100 elementor-top-column elementor-element elementor-element-4d3d8b5\" data-id=\"4d3d8b5\" data-element_type=\"column\">\n\t\t\t<div class=\"elementor-widget-wrap elementor-element-populated\">\n\t\t\t\t\t\t\t\t<div class=\"elementor-element elementor-element-9a83224 elementor-widget elementor-widget-heading\" data-id=\"9a83224\" data-element_type=\"widget\" data-widget_type=\"heading.default\">\n\t\t\t\t<div class=\"elementor-widget-container\">\n\t\t\t<h2 class=\"elementor-heading-title elementor-size-default\">The work ::: <\/h2>\t\t<\/div>\n\t\t\t\t<\/div>\n\t\t\t\t\t<\/div>\n\t\t<\/div>\n\t\t\t\t\t\t\t<\/div>\n\t\t<\/section>\n\t\t\t\t<section class=\"elementor-section elementor-top-section elementor-element elementor-element-02b3b18 elementor-section-boxed elementor-section-height-default elementor-section-height-default\" data-id=\"02b3b18\" data-element_type=\"section\">\n\t\t\t\t\t\t<div class=\"elementor-container elementor-column-gap-default\">\n\t\t\t\t\t<div class=\"elementor-column elementor-col-33 elementor-top-column elementor-element elementor-element-1fe73a4\" data-id=\"1fe73a4\" data-element_type=\"column\">\n\t\t\t<div class=\"elementor-widget-wrap elementor-element-populated\">\n\t\t\t\t\t\t\t\t<div class=\"elementor-element elementor-element-ce7276f elementor-widget elementor-widget-image\" data-id=\"ce7276f\" data-element_type=\"widget\" data-widget_type=\"image.default\">\n\t\t\t\t<div class=\"elementor-widget-container\">\n\t\t\t\t\t\t\t\t\t\t\t\t\t\t\t<img decoding=\"async\" width=\"1024\" height=\"1024\" src=\"https:\/\/festival2025.videoformes.com\/wp-content\/uploads\/2025\/01\/MT_BlueRain_B-1024x1024.jpg\" class=\"attachment-large size-large wp-image-10756\" alt=\"\" srcset=\"https:\/\/festival2025.videoformes.com\/wp-content\/uploads\/2025\/01\/MT_BlueRain_B-1024x1024.jpg 1024w, https:\/\/festival2025.videoformes.com\/wp-content\/uploads\/2025\/01\/MT_BlueRain_B-300x300.jpg 300w, https:\/\/festival2025.videoformes.com\/wp-content\/uploads\/2025\/01\/MT_BlueRain_B-150x150.jpg 150w, https:\/\/festival2025.videoformes.com\/wp-content\/uploads\/2025\/01\/MT_BlueRain_B-768x768.jpg 768w, https:\/\/festival2025.videoformes.com\/wp-content\/uploads\/2025\/01\/MT_BlueRain_B-1536x1536.jpg 1536w, https:\/\/festival2025.videoformes.com\/wp-content\/uploads\/2025\/01\/MT_BlueRain_B-2048x2048.jpg 2048w, https:\/\/festival2025.videoformes.com\/wp-content\/uploads\/2025\/01\/MT_BlueRain_B-146x146.jpg 146w, https:\/\/festival2025.videoformes.com\/wp-content\/uploads\/2025\/01\/MT_BlueRain_B-50x50.jpg 50w, https:\/\/festival2025.videoformes.com\/wp-content\/uploads\/2025\/01\/MT_BlueRain_B-75x75.jpg 75w, https:\/\/festival2025.videoformes.com\/wp-content\/uploads\/2025\/01\/MT_BlueRain_B-85x85.jpg 85w, https:\/\/festival2025.videoformes.com\/wp-content\/uploads\/2025\/01\/MT_BlueRain_B-80x80.jpg 80w\" sizes=\"(max-width: 1024px) 100vw, 1024px\" \/>\t\t\t\t\t\t\t\t\t\t\t\t\t\t\t<\/div>\n\t\t\t\t<\/div>\n\t\t\t\t\t<\/div>\n\t\t<\/div>\n\t\t\t\t<div class=\"elementor-column elementor-col-33 elementor-top-column elementor-element elementor-element-587f0e4\" data-id=\"587f0e4\" data-element_type=\"column\">\n\t\t\t<div class=\"elementor-widget-wrap elementor-element-populated\">\n\t\t\t\t\t\t\t\t<div class=\"elementor-element elementor-element-0a26df7 elementor-widget elementor-widget-text-editor\" data-id=\"0a26df7\" data-element_type=\"widget\" data-widget_type=\"text-editor.default\">\n\t\t\t\t<div class=\"elementor-widget-container\">\n\t\t\t\t\t\t\t<p style=\"text-align: center;\">Purple Rain tells the story of four plant lovers, patiently waiting for the rain to bring their flowers to life. Augmented reality gives us a second narrative, a sequel to the image painted on the wall. Purple Rain doesn&#8217;t just adorn a wall, it tells a story, a story of connection between man and nature, a story of wonder and contemplation. It invites passers-by to pause, to lift their eyes to the sky to admire the ephemeral beauty of purple rain, and to meditate on the transformative power of nature.<\/p>\t\t\t\t\t\t<\/div>\n\t\t\t\t<\/div>\n\t\t\t\t\t<\/div>\n\t\t<\/div>\n\t\t\t\t<div class=\"elementor-column elementor-col-33 elementor-top-column elementor-element elementor-element-cab71d2\" data-id=\"cab71d2\" data-element_type=\"column\">\n\t\t\t<div class=\"elementor-widget-wrap elementor-element-populated\">\n\t\t\t\t\t\t\t\t<div class=\"elementor-element elementor-element-0447968 elementor-widget elementor-widget-image\" data-id=\"0447968\" data-element_type=\"widget\" data-widget_type=\"image.default\">\n\t\t\t\t<div class=\"elementor-widget-container\">\n\t\t\t\t\t\t\t\t\t\t\t\t\t\t\t<img decoding=\"async\" width=\"1024\" height=\"1024\" src=\"https:\/\/festival2025.videoformes.com\/wp-content\/uploads\/2025\/01\/MT_BlueRain_A-1024x1024.jpg\" class=\"attachment-large size-large wp-image-10758\" alt=\"\" srcset=\"https:\/\/festival2025.videoformes.com\/wp-content\/uploads\/2025\/01\/MT_BlueRain_A-1024x1024.jpg 1024w, https:\/\/festival2025.videoformes.com\/wp-content\/uploads\/2025\/01\/MT_BlueRain_A-300x300.jpg 300w, https:\/\/festival2025.videoformes.com\/wp-content\/uploads\/2025\/01\/MT_BlueRain_A-150x150.jpg 150w, https:\/\/festival2025.videoformes.com\/wp-content\/uploads\/2025\/01\/MT_BlueRain_A-768x768.jpg 768w, https:\/\/festival2025.videoformes.com\/wp-content\/uploads\/2025\/01\/MT_BlueRain_A-1536x1536.jpg 1536w, https:\/\/festival2025.videoformes.com\/wp-content\/uploads\/2025\/01\/MT_BlueRain_A-2048x2048.jpg 2048w, https:\/\/festival2025.videoformes.com\/wp-content\/uploads\/2025\/01\/MT_BlueRain_A-146x146.jpg 146w, https:\/\/festival2025.videoformes.com\/wp-content\/uploads\/2025\/01\/MT_BlueRain_A-50x50.jpg 50w, https:\/\/festival2025.videoformes.com\/wp-content\/uploads\/2025\/01\/MT_BlueRain_A-75x75.jpg 75w, https:\/\/festival2025.videoformes.com\/wp-content\/uploads\/2025\/01\/MT_BlueRain_A-85x85.jpg 85w, https:\/\/festival2025.videoformes.com\/wp-content\/uploads\/2025\/01\/MT_BlueRain_A-80x80.jpg 80w\" sizes=\"(max-width: 1024px) 100vw, 1024px\" \/>\t\t\t\t\t\t\t\t\t\t\t\t\t\t\t<\/div>\n\t\t\t\t<\/div>\n\t\t\t\t\t<\/div>\n\t\t<\/div>\n\t\t\t\t\t\t\t<\/div>\n\t\t<\/section>\n\t\t\t\t<section class=\"elementor-section elementor-top-section elementor-element elementor-element-b7ed906 elementor-section-boxed elementor-section-height-default elementor-section-height-default\" data-id=\"b7ed906\" data-element_type=\"section\">\n\t\t\t\t\t\t<div class=\"elementor-container elementor-column-gap-default\">\n\t\t\t\t\t<div class=\"elementor-column elementor-col-100 elementor-top-column elementor-element elementor-element-2e829e4\" data-id=\"2e829e4\" data-element_type=\"column\">\n\t\t\t<div class=\"elementor-widget-wrap elementor-element-populated\">\n\t\t\t\t\t\t\t\t<div class=\"elementor-element elementor-element-0ee5dec elementor-widget elementor-widget-heading\" data-id=\"0ee5dec\" data-element_type=\"widget\" data-widget_type=\"heading.default\">\n\t\t\t\t<div class=\"elementor-widget-container\">\n\t\t\t<h2 class=\"elementor-heading-title elementor-size-default\">\/\/\/<\/h2>\t\t<\/div>\n\t\t\t\t<\/div>\n\t\t\t\t\t<\/div>\n\t\t<\/div>\n\t\t\t\t\t\t\t<\/div>\n\t\t<\/section>\n\t\t\t\t<section class=\"elementor-section elementor-top-section elementor-element elementor-element-f167f88 elementor-section-boxed elementor-section-height-default elementor-section-height-default\" data-id=\"f167f88\" data-element_type=\"section\">\n\t\t\t\t\t\t<div class=\"elementor-container elementor-column-gap-default\">\n\t\t\t\t\t<div class=\"elementor-column elementor-col-100 elementor-top-column elementor-element elementor-element-6ad55ef\" data-id=\"6ad55ef\" data-element_type=\"column\">\n\t\t\t<div class=\"elementor-widget-wrap elementor-element-populated\">\n\t\t\t\t\t\t\t\t<div class=\"elementor-element elementor-element-0a1777a elementor-widget elementor-widget-heading\" data-id=\"0a1777a\" data-element_type=\"widget\" data-widget_type=\"heading.default\">\n\t\t\t\t<div class=\"elementor-widget-container\">\n\t\t\t<h2 class=\"elementor-heading-title elementor-size-default\">Meet the artist:::<\/h2>\t\t<\/div>\n\t\t\t\t<\/div>\n\t\t\t\t\t<\/div>\n\t\t<\/div>\n\t\t\t\t\t\t\t<\/div>\n\t\t<\/section>\n\t\t\t\t<section class=\"elementor-section elementor-top-section elementor-element elementor-element-726092c elementor-section-boxed elementor-section-height-default elementor-section-height-default\" data-id=\"726092c\" data-element_type=\"section\">\n\t\t\t\t\t\t<div class=\"elementor-container elementor-column-gap-default\">\n\t\t\t\t\t<div class=\"elementor-column elementor-col-100 elementor-top-column elementor-element elementor-element-f6c1cba\" data-id=\"f6c1cba\" data-element_type=\"column\">\n\t\t\t<div class=\"elementor-widget-wrap elementor-element-populated\">\n\t\t\t\t\t\t\t\t<div class=\"elementor-element elementor-element-179c6d2 elementor-widget elementor-widget-text-editor\" data-id=\"179c6d2\" data-element_type=\"widget\" data-widget_type=\"text-editor.default\">\n\t\t\t\t<div class=\"elementor-widget-container\">\n\t\t\t\t\t\t\t<div class=\"leftcolumn\"><div class=\"infos\"><h3>Practical info<\/h3><div class=\"date\"><strong>March 13, 2025 3:15pm &gt; 4:45pm <br \/><\/strong><\/div>M\u00e9diath\u00e8que Hugo-Pratt (Cournon)<br \/>Free access<br \/>P.M.R. access, portable magnetic loop<br \/><div>\u00a0<\/div><div><div class=\"content\"><p>Aur\u00e9lien Jeanney is an artistic director and multidisciplinary artist at the Maison Tangible workshop. His practice crosses several fields and mediums, from graphic design to illustration, via moving image or augmented reality.Maison Tangible, which he founded in Paris in 2015 is both a creative workshop focused on illustration, but also a publishing house and a laboratory for augmented reality experiments.His work has been rewarded internationally, notably with awards inCanada (Grafika, Numix) or France (Cannes Lions). Winner of a creation grant from the French Ministry of Culture for his project \u201cLes Voyages typographiques de Jules Verne\u201d, then a grant from the Centre National du Livre for his project \u201cL&#8217;Invisible\u201d, his work is now exhibited internationally, notably in Canada, Brazil, India and Latvia.<\/p><\/div><\/div><\/div><\/div>\t\t\t\t\t\t<\/div>\n\t\t\t\t<\/div>\n\t\t\t\t\t<\/div>\n\t\t<\/div>\n\t\t\t\t\t\t\t<\/div>\n\t\t<\/section>\n\t\t\t\t\t\t\t<\/div>\n\t\t","protected":false},"excerpt":{"rendered":"<p>Tuesday, March 4 &gt; Saturday, March 29 Purple rain M\u00e9diath\u00e8que Hugo Pratt, 1 rue Pierre Jacquet Open to the public | Without reservation | Opening hours<span class=\"excerpt-hellip\"> [\u2026]<\/span><\/p>\n","protected":false},"author":2,"featured_media":0,"parent":10774,"menu_order":0,"comment_status":"closed","ping_status":"closed","template":"","meta":{"inline_featured_image":false,"footnotes":""},"class_list":["post-12902","page","type-page","status-publish","hentry"],"yoast_head":"<!-- This site is optimized with the Yoast SEO plugin v20.2.1 - https:\/\/yoast.com\/wordpress\/plugins\/seo\/ -->\n<title>M\u00e9diath\u00e8que Hugo Pratt | Festival VIDEOFORMES<\/title>\n<meta name=\"robots\" content=\"index, follow, max-snippet:-1, max-image-preview:large, max-video-preview:-1\" \/>\n<link rel=\"canonical\" href=\"https:\/\/festival2025.videoformes.com\/resonances\/mediatheque-hugo-pratt\/\" \/>\n<meta property=\"og:locale\" content=\"en_US\" \/>\n<meta property=\"og:type\" content=\"article\" \/>\n<meta property=\"og:title\" content=\"M\u00e9diath\u00e8que Hugo Pratt | Festival VIDEOFORMES\" \/>\n<meta property=\"og:description\" content=\"Tuesday, March 4 &gt; Saturday, March 29 Purple rain M\u00e9diath\u00e8que Hugo Pratt, 1 rue Pierre Jacquet Open to the public | Without reservation | Opening hours [\u2026]\" \/>\n<meta property=\"og:url\" content=\"https:\/\/festival2025.videoformes.com\/resonances\/mediatheque-hugo-pratt\/\" \/>\n<meta property=\"og:site_name\" content=\"Festival VIDEOFORMES\" \/>\n<meta property=\"article:publisher\" content=\"https:\/\/www.facebook.com\/videoformes\" \/>\n<meta property=\"article:modified_time\" content=\"2025-02-19T15:54:08+00:00\" \/>\n<meta property=\"og:image\" content=\"https:\/\/festival2025.videoformes.com\/wp-content\/uploads\/2025\/01\/MT_BlueRain_B-1024x1024.jpg\" \/>\n<meta name=\"twitter:card\" content=\"summary_large_image\" \/>\n<meta name=\"twitter:site\" content=\"@videoformes\" \/>\n<meta name=\"twitter:label1\" content=\"Est. reading time\" \/>\n\t<meta name=\"twitter:data1\" content=\"2 minutes\" \/>\n<script type=\"application\/ld+json\" class=\"yoast-schema-graph\">{\"@context\":\"https:\/\/schema.org\",\"@graph\":[{\"@type\":\"WebPage\",\"@id\":\"https:\/\/festival2025.videoformes.com\/resonances\/mediatheque-hugo-pratt\/\",\"url\":\"https:\/\/festival2025.videoformes.com\/resonances\/mediatheque-hugo-pratt\/\",\"name\":\"M\u00e9diath\u00e8que Hugo Pratt | Festival VIDEOFORMES\",\"isPartOf\":{\"@id\":\"https:\/\/festival2025.videoformes.com\/#website\"},\"datePublished\":\"2025-02-19T15:51:13+00:00\",\"dateModified\":\"2025-02-19T15:54:08+00:00\",\"breadcrumb\":{\"@id\":\"https:\/\/festival2025.videoformes.com\/resonances\/mediatheque-hugo-pratt\/#breadcrumb\"},\"inLanguage\":\"en-US\",\"potentialAction\":[{\"@type\":\"ReadAction\",\"target\":[\"https:\/\/festival2025.videoformes.com\/resonances\/mediatheque-hugo-pratt\/\"]}]},{\"@type\":\"BreadcrumbList\",\"@id\":\"https:\/\/festival2025.videoformes.com\/resonances\/mediatheque-hugo-pratt\/#breadcrumb\",\"itemListElement\":[{\"@type\":\"ListItem\",\"position\":1,\"name\":\"Accueil\",\"item\":\"https:\/\/festival2025.videoformes.com\/\"},{\"@type\":\"ListItem\",\"position\":2,\"name\":\"RESONANCES\",\"item\":\"https:\/\/festival2025.videoformes.com\/resonances\/\"},{\"@type\":\"ListItem\",\"position\":3,\"name\":\"M\u00e9diath\u00e8que Hugo Pratt\"}]},{\"@type\":\"WebSite\",\"@id\":\"https:\/\/festival2025.videoformes.com\/#website\",\"url\":\"https:\/\/festival2025.videoformes.com\/\",\"name\":\"Festival VIDEOFORMES 2025\",\"description\":\"Festival International d&#039;Arts Hybrides et Num\u00e9riques\",\"publisher\":{\"@id\":\"https:\/\/festival2025.videoformes.com\/#organization\"},\"potentialAction\":[{\"@type\":\"SearchAction\",\"target\":{\"@type\":\"EntryPoint\",\"urlTemplate\":\"https:\/\/festival2025.videoformes.com\/?s={search_term_string}\"},\"query-input\":\"required name=search_term_string\"}],\"inLanguage\":\"en-US\"},{\"@type\":\"Organization\",\"@id\":\"https:\/\/festival2025.videoformes.com\/#organization\",\"name\":\"Festival VIDEOFORMES\",\"url\":\"https:\/\/festival2025.videoformes.com\/\",\"logo\":{\"@type\":\"ImageObject\",\"inLanguage\":\"en-US\",\"@id\":\"https:\/\/festival2025.videoformes.com\/#\/schema\/logo\/image\/\",\"url\":\"https:\/\/festival2025.videoformes.com\/wp-content\/uploads\/2022\/01\/apple-touch-icon.png\",\"contentUrl\":\"https:\/\/festival2025.videoformes.com\/wp-content\/uploads\/2022\/01\/apple-touch-icon.png\",\"width\":180,\"height\":180,\"caption\":\"Festival VIDEOFORMES\"},\"image\":{\"@id\":\"https:\/\/festival2025.videoformes.com\/#\/schema\/logo\/image\/\"},\"sameAs\":[\"https:\/\/www.facebook.com\/videoformes\",\"https:\/\/twitter.com\/videoformes\",\"https:\/\/www.instagram.com\/videoformes\/\",\"https:\/\/www.youtube.com\/channel\/UCVkAiRplvronMyMWo1bxKCg\"]}]}<\/script>\n<!-- \/ Yoast SEO plugin. -->","yoast_head_json":{"title":"M\u00e9diath\u00e8que Hugo Pratt | Festival VIDEOFORMES","robots":{"index":"index","follow":"follow","max-snippet":"max-snippet:-1","max-image-preview":"max-image-preview:large","max-video-preview":"max-video-preview:-1"},"canonical":"https:\/\/festival2025.videoformes.com\/resonances\/mediatheque-hugo-pratt\/","og_locale":"en_US","og_type":"article","og_title":"M\u00e9diath\u00e8que Hugo Pratt | Festival VIDEOFORMES","og_description":"Tuesday, March 4 &gt; Saturday, March 29 Purple rain M\u00e9diath\u00e8que Hugo Pratt, 1 rue Pierre Jacquet Open to the public | Without reservation | Opening hours [\u2026]","og_url":"https:\/\/festival2025.videoformes.com\/resonances\/mediatheque-hugo-pratt\/","og_site_name":"Festival VIDEOFORMES","article_publisher":"https:\/\/www.facebook.com\/videoformes","article_modified_time":"2025-02-19T15:54:08+00:00","og_image":[{"url":"https:\/\/festival2025.videoformes.com\/wp-content\/uploads\/2025\/01\/MT_BlueRain_B-1024x1024.jpg"}],"twitter_card":"summary_large_image","twitter_site":"@videoformes","twitter_misc":{"Est. reading time":"2 minutes"},"schema":{"@context":"https:\/\/schema.org","@graph":[{"@type":"WebPage","@id":"https:\/\/festival2025.videoformes.com\/resonances\/mediatheque-hugo-pratt\/","url":"https:\/\/festival2025.videoformes.com\/resonances\/mediatheque-hugo-pratt\/","name":"M\u00e9diath\u00e8que Hugo Pratt | Festival VIDEOFORMES","isPartOf":{"@id":"https:\/\/festival2025.videoformes.com\/#website"},"datePublished":"2025-02-19T15:51:13+00:00","dateModified":"2025-02-19T15:54:08+00:00","breadcrumb":{"@id":"https:\/\/festival2025.videoformes.com\/resonances\/mediatheque-hugo-pratt\/#breadcrumb"},"inLanguage":"en-US","potentialAction":[{"@type":"ReadAction","target":["https:\/\/festival2025.videoformes.com\/resonances\/mediatheque-hugo-pratt\/"]}]},{"@type":"BreadcrumbList","@id":"https:\/\/festival2025.videoformes.com\/resonances\/mediatheque-hugo-pratt\/#breadcrumb","itemListElement":[{"@type":"ListItem","position":1,"name":"Accueil","item":"https:\/\/festival2025.videoformes.com\/"},{"@type":"ListItem","position":2,"name":"RESONANCES","item":"https:\/\/festival2025.videoformes.com\/resonances\/"},{"@type":"ListItem","position":3,"name":"M\u00e9diath\u00e8que Hugo Pratt"}]},{"@type":"WebSite","@id":"https:\/\/festival2025.videoformes.com\/#website","url":"https:\/\/festival2025.videoformes.com\/","name":"Festival VIDEOFORMES 2025","description":"Festival International d&#039;Arts Hybrides et Num\u00e9riques","publisher":{"@id":"https:\/\/festival2025.videoformes.com\/#organization"},"potentialAction":[{"@type":"SearchAction","target":{"@type":"EntryPoint","urlTemplate":"https:\/\/festival2025.videoformes.com\/?s={search_term_string}"},"query-input":"required name=search_term_string"}],"inLanguage":"en-US"},{"@type":"Organization","@id":"https:\/\/festival2025.videoformes.com\/#organization","name":"Festival VIDEOFORMES","url":"https:\/\/festival2025.videoformes.com\/","logo":{"@type":"ImageObject","inLanguage":"en-US","@id":"https:\/\/festival2025.videoformes.com\/#\/schema\/logo\/image\/","url":"https:\/\/festival2025.videoformes.com\/wp-content\/uploads\/2022\/01\/apple-touch-icon.png","contentUrl":"https:\/\/festival2025.videoformes.com\/wp-content\/uploads\/2022\/01\/apple-touch-icon.png","width":180,"height":180,"caption":"Festival VIDEOFORMES"},"image":{"@id":"https:\/\/festival2025.videoformes.com\/#\/schema\/logo\/image\/"},"sameAs":["https:\/\/www.facebook.com\/videoformes","https:\/\/twitter.com\/videoformes","https:\/\/www.instagram.com\/videoformes\/","https:\/\/www.youtube.com\/channel\/UCVkAiRplvronMyMWo1bxKCg"]}]}},"_links":{"self":[{"href":"https:\/\/festival2025.videoformes.com\/en\/wp-json\/wp\/v2\/pages\/12902","targetHints":{"allow":["GET"]}}],"collection":[{"href":"https:\/\/festival2025.videoformes.com\/en\/wp-json\/wp\/v2\/pages"}],"about":[{"href":"https:\/\/festival2025.videoformes.com\/en\/wp-json\/wp\/v2\/types\/page"}],"author":[{"embeddable":true,"href":"https:\/\/festival2025.videoformes.com\/en\/wp-json\/wp\/v2\/users\/2"}],"replies":[{"embeddable":true,"href":"https:\/\/festival2025.videoformes.com\/en\/wp-json\/wp\/v2\/comments?post=12902"}],"version-history":[{"count":4,"href":"https:\/\/festival2025.videoformes.com\/en\/wp-json\/wp\/v2\/pages\/12902\/revisions"}],"predecessor-version":[{"id":12906,"href":"https:\/\/festival2025.videoformes.com\/en\/wp-json\/wp\/v2\/pages\/12902\/revisions\/12906"}],"up":[{"embeddable":true,"href":"https:\/\/festival2025.videoformes.com\/en\/wp-json\/wp\/v2\/pages\/10774"}],"wp:attachment":[{"href":"https:\/\/festival2025.videoformes.com\/en\/wp-json\/wp\/v2\/media?parent=12902"}],"curies":[{"name":"wp","href":"https:\/\/api.w.org\/{rel}","templated":true}]}}