{"id":11930,"date":"2025-02-13T17:18:16","date_gmt":"2025-02-13T16:18:16","guid":{"rendered":"https:\/\/festival2025.videoformes.com\/?page_id=11930"},"modified":"2025-02-13T17:20:23","modified_gmt":"2025-02-13T16:20:23","slug":"annecy-alpes-art-school","status":"publish","type":"page","link":"https:\/\/festival2025.videoformes.com\/en\/annecy-alpes-art-school\/","title":{"rendered":"Annecy Alpes&#8217; Art School"},"content":{"rendered":"\t\t<div data-elementor-type=\"wp-page\" data-elementor-id=\"11930\" class=\"elementor elementor-11930 elementor-11903\">\n\t\t\t\t\t\t\t\t\t<section class=\"elementor-section elementor-top-section elementor-element elementor-element-05a943c elementor-section-boxed elementor-section-height-default elementor-section-height-default\" data-id=\"05a943c\" data-element_type=\"section\">\n\t\t\t\t\t\t<div class=\"elementor-container elementor-column-gap-default\">\n\t\t\t\t\t<div class=\"elementor-column elementor-col-100 elementor-top-column elementor-element elementor-element-caddf8d\" data-id=\"caddf8d\" data-element_type=\"column\">\n\t\t\t<div class=\"elementor-widget-wrap elementor-element-populated\">\n\t\t\t\t\t\t\t\t<div class=\"elementor-element elementor-element-bd5e951 elementor-widget elementor-widget-spacer\" data-id=\"bd5e951\" data-element_type=\"widget\" data-widget_type=\"spacer.default\">\n\t\t\t\t<div class=\"elementor-widget-container\">\n\t\t\t<style>\/*! elementor - v3.18.0 - 20-12-2023 *\/\n.elementor-column .elementor-spacer-inner{height:var(--spacer-size)}.e-con{--container-widget-width:100%}.e-con-inner>.elementor-widget-spacer,.e-con>.elementor-widget-spacer{width:var(--container-widget-width,var(--spacer-size));--align-self:var(--container-widget-align-self,initial);--flex-shrink:0}.e-con-inner>.elementor-widget-spacer>.elementor-widget-container,.e-con>.elementor-widget-spacer>.elementor-widget-container{height:100%;width:100%}.e-con-inner>.elementor-widget-spacer>.elementor-widget-container>.elementor-spacer,.e-con>.elementor-widget-spacer>.elementor-widget-container>.elementor-spacer{height:100%}.e-con-inner>.elementor-widget-spacer>.elementor-widget-container>.elementor-spacer>.elementor-spacer-inner,.e-con>.elementor-widget-spacer>.elementor-widget-container>.elementor-spacer>.elementor-spacer-inner{height:var(--container-widget-height,var(--spacer-size))}.e-con-inner>.elementor-widget-spacer.elementor-widget-empty,.e-con>.elementor-widget-spacer.elementor-widget-empty{position:relative;min-height:22px;min-width:22px}.e-con-inner>.elementor-widget-spacer.elementor-widget-empty .elementor-widget-empty-icon,.e-con>.elementor-widget-spacer.elementor-widget-empty .elementor-widget-empty-icon{position:absolute;top:0;bottom:0;left:0;right:0;margin:auto;padding:0;width:22px;height:22px}<\/style>\t\t<div class=\"elementor-spacer\">\n\t\t\t<div class=\"elementor-spacer-inner\"><\/div>\n\t\t<\/div>\n\t\t\t\t<\/div>\n\t\t\t\t<\/div>\n\t\t\t\t<div class=\"elementor-element elementor-element-7bf57ee elementor-absolute elementor-widget elementor-widget-text-editor\" data-id=\"7bf57ee\" data-element_type=\"widget\" data-settings=\"{&quot;_position&quot;:&quot;absolute&quot;}\" data-widget_type=\"text-editor.default\">\n\t\t\t\t<div class=\"elementor-widget-container\">\n\t\t\t<style>\/*! elementor - v3.18.0 - 20-12-2023 *\/\n.elementor-widget-text-editor.elementor-drop-cap-view-stacked .elementor-drop-cap{background-color:#69727d;color:#fff}.elementor-widget-text-editor.elementor-drop-cap-view-framed .elementor-drop-cap{color:#69727d;border:3px solid;background-color:transparent}.elementor-widget-text-editor:not(.elementor-drop-cap-view-default) .elementor-drop-cap{margin-top:8px}.elementor-widget-text-editor:not(.elementor-drop-cap-view-default) .elementor-drop-cap-letter{width:1em;height:1em}.elementor-widget-text-editor .elementor-drop-cap{float:left;text-align:center;line-height:1;font-size:50px}.elementor-widget-text-editor .elementor-drop-cap-letter{display:inline-block}<\/style>\t\t\t\t<p><span style=\"color: #658c5d;\">Du 14 au 28 mars 2025<\/span><\/p>\t\t\t\t\t\t<\/div>\n\t\t\t\t<\/div>\n\t\t\t\t<div class=\"elementor-element elementor-element-3690756 elementor-widget elementor-widget-heading\" data-id=\"3690756\" data-element_type=\"widget\" data-widget_type=\"heading.default\">\n\t\t\t\t<div class=\"elementor-widget-container\">\n\t\t\t<style>\/*! elementor - v3.18.0 - 20-12-2023 *\/\n.elementor-heading-title{padding:0;margin:0;line-height:1}.elementor-widget-heading .elementor-heading-title[class*=elementor-size-]>a{color:inherit;font-size:inherit;line-height:inherit}.elementor-widget-heading .elementor-heading-title.elementor-size-small{font-size:15px}.elementor-widget-heading .elementor-heading-title.elementor-size-medium{font-size:19px}.elementor-widget-heading .elementor-heading-title.elementor-size-large{font-size:29px}.elementor-widget-heading .elementor-heading-title.elementor-size-xl{font-size:39px}.elementor-widget-heading .elementor-heading-title.elementor-size-xxl{font-size:59px}<\/style><h2 class=\"elementor-heading-title elementor-size-default\">Annecy Alpes' Art School<\/h2>\t\t<\/div>\n\t\t\t\t<\/div>\n\t\t\t\t\t<\/div>\n\t\t<\/div>\n\t\t\t\t\t\t\t<\/div>\n\t\t<\/section>\n\t\t\t\t<section class=\"elementor-section elementor-top-section elementor-element elementor-element-40f5397 elementor-section-boxed elementor-section-height-default elementor-section-height-default\" data-id=\"40f5397\" data-element_type=\"section\">\n\t\t\t\t\t\t<div class=\"elementor-container elementor-column-gap-default\">\n\t\t\t\t\t<div class=\"elementor-column elementor-col-100 elementor-top-column elementor-element elementor-element-a166626\" data-id=\"a166626\" data-element_type=\"column\">\n\t\t\t<div class=\"elementor-widget-wrap elementor-element-populated\">\n\t\t\t\t\t\t\t\t<div class=\"elementor-element elementor-element-a5c9cb4 elementor-widget elementor-widget-text-editor\" data-id=\"a5c9cb4\" data-element_type=\"widget\" data-widget_type=\"text-editor.default\">\n\t\t\t\t<div class=\"elementor-widget-container\">\n\t\t\t\t\t\t\t<h6>France \u00a0 \u00a0 \u00a0 \u00a0 \u00a0 \u00a0 \u00a0 \u00a0 \u00a0 \u00a0 \u00a0 \u00a0 \u00a0 \u00a0 \u00a0 \u00a0 \u00a0\u00a0 \u00a0\u00a0 \u00a0\u00a0 \u00a0\u00a0 \u00a0\u00a0 \u00a0\u00a0 \u00a0\u00a0 \u00a0\u00a0 \u00a0\u00a0 \u00a0\u00a0 \u00a0\u00a0 \u00a0\u00a0 \u00a0\u00a0 \u00a0\u00a0 \u00a0\u00a0 \u00a0\u00a0 \u00a0\u00a0 \u00a0\u00a0 \u00a0\u00a0 \u00a0\u00a0 \u00a0\u00a0 \u00a0\u00a0 \u00a0\u00a0 \u00a0\u00a0 \u00a0\u00a0 \u00a0\u00a0 \u00a0\u00a0 \u00a0\u00a0 \u00a0\u00a0 \u00a0\u00a0 \u00a0\u00a0 \u00a0\u00a0 \u00a0\u00a0 \u00a0\u00a0 \u00a0\u00a0 \u00a0\u00a0 \u00a0\u00a0 \u00a0\u00a0 \u00a0\u00a0 \u00a0\u00a0 \u00a0\u00a0 \u00a0\u00a0 \u00a0\u00a0 \u00a0\u00a0 \u00a0\u00a0 \u00a0\u00a0 \u00a0\u00a0 \u00a0\u00a0 \u00a0\u00a0 \u00a0\u00a0\u00a0 <a href=\"https:\/\/maps.app.goo.gl\/Z29PKnrjaaNB9rEs5\" target=\"_blank\" rel=\"noopener\">Galerie Dolet, CROUS Clermont Auvergne, 25 rue Etienne Dolet, Clermont-Ferrand<\/a><\/h6>\t\t\t\t\t\t<\/div>\n\t\t\t\t<\/div>\n\t\t\t\t\t<\/div>\n\t\t<\/div>\n\t\t\t\t\t\t\t<\/div>\n\t\t<\/section>\n\t\t\t\t<section class=\"elementor-section elementor-top-section elementor-element elementor-element-d590d57 elementor-section-boxed elementor-section-height-default elementor-section-height-default\" data-id=\"d590d57\" data-element_type=\"section\">\n\t\t\t\t\t\t<div class=\"elementor-container elementor-column-gap-default\">\n\t\t\t\t\t<div class=\"elementor-column elementor-col-100 elementor-top-column elementor-element elementor-element-1608d60\" data-id=\"1608d60\" data-element_type=\"column\">\n\t\t\t<div class=\"elementor-widget-wrap elementor-element-populated\">\n\t\t\t\t\t\t\t\t<div class=\"elementor-element elementor-element-e80e20f elementor-widget elementor-widget-text-editor\" data-id=\"e80e20f\" data-element_type=\"widget\" data-widget_type=\"text-editor.default\">\n\t\t\t\t<div class=\"elementor-widget-container\">\n\t\t\t\t\t\t\t<p>Annecy Alpes&#8217; Art School offers courses leading to the DNA (Bachelor&#8217;s degree, Bac+3) and DNSEP (Master&#8217;s degree, Bac+5) diplomas in Art and Design, as well as a school diploma, the DSRA (Doctorate level, Bac+8). ESAAA is part of the national network of art schools under the educational supervision of the French Ministry of Culture, a network in which it stands out for its pioneering attitude to research, its work on space, landscape and regional planning, and its radical stance on the experimental dimension of art and design: experimentation is strongly asserted by ESAAA, and is at the heart of all its activities.<\/p><p><strong>Website\u00a0 :<\/strong><a href=\"https:\/\/esadhar.fr\/fr\/lecole-superieure-dart-design-havre-rouen-0\"><u>\u00a0https:\/\/esadhar.fr\/fr\/lecole-superieure-dart-design-havre-rouen-0<\/u><\/a>\u00a0<\/p><p><strong><b>Class presentation :<\/b><\/strong><\/p><p>Responsables :<strong><b>\u00a0<\/b><\/strong><strong><b>Jean-Marc Chapoulie et Alexandre Constanzo<\/b><\/strong><\/p><p>The MONSTRARE Master&#8217;s program was born at a time when the exhibition is an available art form, and the art field is constantly being reconfigured, with a new commitment on the part of artists to invent and take charge of the spaces and ways in which art is made visible. To this end, MONSTRARE \u201cMonstre\u201d addresses contemporary issues concerning the place of art and artists in tomorrow&#8217;s social and political world. The program is structured around workshops and seminars, 1:1 projects, study trips to get to know the art scene and how it works, meetings with professionals and conferences. MONSTRE = MONSTRARE = TO SHOW. The Master Monstre is coordinated by artist and director Vir Andres Hera and curator and art critic Arl\u00e8ne Berceliot-Courtin.<\/p>\t\t\t\t\t\t<\/div>\n\t\t\t\t<\/div>\n\t\t\t\t\t<\/div>\n\t\t<\/div>\n\t\t\t\t\t\t\t<\/div>\n\t\t<\/section>\n\t\t\t\t<section class=\"elementor-section elementor-top-section elementor-element elementor-element-ae2db9f elementor-section-boxed elementor-section-height-default elementor-section-height-default\" data-id=\"ae2db9f\" data-element_type=\"section\">\n\t\t\t\t\t\t<div class=\"elementor-container elementor-column-gap-default\">\n\t\t\t\t\t<div class=\"elementor-column elementor-col-100 elementor-top-column elementor-element elementor-element-06eeae8\" data-id=\"06eeae8\" data-element_type=\"column\" data-settings=\"{&quot;background_background&quot;:&quot;classic&quot;}\">\n\t\t\t<div class=\"elementor-widget-wrap elementor-element-populated\">\n\t\t\t\t\t\t\t\t<div class=\"elementor-element elementor-element-5c227b8 elementor-widget elementor-widget-heading\" data-id=\"5c227b8\" data-element_type=\"widget\" data-widget_type=\"heading.default\">\n\t\t\t\t<div class=\"elementor-widget-container\">\n\t\t\t<h4 class=\"elementor-heading-title elementor-size-default\">VIDEO PROGRAM :::<\/h4>\t\t<\/div>\n\t\t\t\t<\/div>\n\t\t\t\t\t<\/div>\n\t\t<\/div>\n\t\t\t\t\t\t\t<\/div>\n\t\t<\/section>\n\t\t\t\t<section class=\"elementor-section elementor-top-section elementor-element elementor-element-9d0958b elementor-section-boxed elementor-section-height-default elementor-section-height-default\" data-id=\"9d0958b\" data-element_type=\"section\" data-settings=\"{&quot;background_background&quot;:&quot;classic&quot;}\">\n\t\t\t\t\t\t<div class=\"elementor-container elementor-column-gap-default\">\n\t\t\t\t\t<div class=\"elementor-column elementor-col-50 elementor-top-column elementor-element elementor-element-8ad958c\" data-id=\"8ad958c\" data-element_type=\"column\">\n\t\t\t<div class=\"elementor-widget-wrap elementor-element-populated\">\n\t\t\t\t\t\t\t\t<div class=\"elementor-element elementor-element-668ad13 elementor-widget elementor-widget-image\" data-id=\"668ad13\" data-element_type=\"widget\" data-widget_type=\"image.default\">\n\t\t\t\t<div class=\"elementor-widget-container\">\n\t\t\t<style>\/*! elementor - v3.18.0 - 20-12-2023 *\/\n.elementor-widget-image{text-align:center}.elementor-widget-image a{display:inline-block}.elementor-widget-image a img[src$=\".svg\"]{width:48px}.elementor-widget-image img{vertical-align:middle;display:inline-block}<\/style>\t\t\t\t\t\t\t\t\t\t\t\t<img fetchpriority=\"high\" decoding=\"async\" width=\"1024\" height=\"576\" src=\"https:\/\/festival2025.videoformes.com\/wp-content\/uploads\/2025\/02\/annecy-1024x576.png\" class=\"attachment-large size-large wp-image-11404\" alt=\"\" srcset=\"https:\/\/festival2025.videoformes.com\/wp-content\/uploads\/2025\/02\/annecy-1024x576.png 1024w, https:\/\/festival2025.videoformes.com\/wp-content\/uploads\/2025\/02\/annecy-300x169.png 300w, https:\/\/festival2025.videoformes.com\/wp-content\/uploads\/2025\/02\/annecy-768x432.png 768w, https:\/\/festival2025.videoformes.com\/wp-content\/uploads\/2025\/02\/annecy-1536x864.png 1536w, https:\/\/festival2025.videoformes.com\/wp-content\/uploads\/2025\/02\/annecy-260x146.png 260w, https:\/\/festival2025.videoformes.com\/wp-content\/uploads\/2025\/02\/annecy-50x28.png 50w, https:\/\/festival2025.videoformes.com\/wp-content\/uploads\/2025\/02\/annecy-133x75.png 133w, https:\/\/festival2025.videoformes.com\/wp-content\/uploads\/2025\/02\/annecy-1200x675.png 1200w, https:\/\/festival2025.videoformes.com\/wp-content\/uploads\/2025\/02\/annecy.png 1920w\" sizes=\"(max-width: 1024px) 100vw, 1024px\" \/>\t\t\t\t\t\t\t\t\t\t\t\t\t\t\t<\/div>\n\t\t\t\t<\/div>\n\t\t\t\t\t<\/div>\n\t\t<\/div>\n\t\t\t\t<div class=\"elementor-column elementor-col-50 elementor-top-column elementor-element elementor-element-0e45ccf\" data-id=\"0e45ccf\" data-element_type=\"column\">\n\t\t\t<div class=\"elementor-widget-wrap elementor-element-populated\">\n\t\t\t\t\t\t\t\t<div class=\"elementor-element elementor-element-333accd kill-mg-bot elementor-widget__width-initial elementor-widget elementor-widget-text-editor\" data-id=\"333accd\" data-element_type=\"widget\" data-widget_type=\"text-editor.default\">\n\t\t\t\t<div class=\"elementor-widget-container\">\n\t\t\t\t\t\t\t<p style=\"text-align: left;\"><strong>Caulerpa, \u00e0 c\u00f4t\u00e9 du sel\u00a0| Clara Ursella, Aneth | 2024 | 19\u201924<\/strong><\/p><p style=\"text-align: left;\">Living close to the Etang de Thau, Caulerpa is filled with pyromaniac anger, hates seaside tourism and waits. It maintains a symbiotic desire with Caulerpa taxifolia, a plant brought back to the Monaco aquarium at the beginning of the 20th century for the aesthetic appeal of its bright green color, and then released back into the Mediterranean Sea. After being declared by scientists and then the media as an invasive, killer algae, Caulerpa suddenly disappeared a few years ago. Filled with deaf and solitary anger, Caulerpa displays gestures and attitudes that confuse genres and act as a preparatory process: the reappearance of the killer algae?<\/p>\t\t\t\t\t\t<\/div>\n\t\t\t\t<\/div>\n\t\t\t\t\t<\/div>\n\t\t<\/div>\n\t\t\t\t\t\t\t<\/div>\n\t\t<\/section>\n\t\t\t\t\t\t\t<\/div>\n\t\t","protected":false},"excerpt":{"rendered":"<p>Du 14 au 28 mars 2025 Annecy Alpes&#8217; Art School France \u00a0 \u00a0 \u00a0 \u00a0 \u00a0 \u00a0 \u00a0 \u00a0 \u00a0 \u00a0 \u00a0 \u00a0 \u00a0 \u00a0 \u00a0<span class=\"excerpt-hellip\"> [\u2026]<\/span><\/p>\n","protected":false},"author":2,"featured_media":0,"parent":0,"menu_order":0,"comment_status":"closed","ping_status":"closed","template":"","meta":{"inline_featured_image":false,"footnotes":""},"class_list":["post-11930","page","type-page","status-publish","hentry"],"yoast_head":"<!-- This site is optimized with the Yoast SEO plugin v20.2.1 - https:\/\/yoast.com\/wordpress\/plugins\/seo\/ -->\n<title>Annecy Alpes&#039; Art School | Festival VIDEOFORMES<\/title>\n<meta name=\"robots\" content=\"index, follow, max-snippet:-1, max-image-preview:large, max-video-preview:-1\" \/>\n<link rel=\"canonical\" href=\"https:\/\/festival2025.videoformes.com\/en\/annecy-alpes-art-school\/\" \/>\n<meta property=\"og:locale\" content=\"en_US\" \/>\n<meta property=\"og:type\" content=\"article\" \/>\n<meta property=\"og:title\" content=\"Annecy Alpes&#039; Art School | Festival VIDEOFORMES\" \/>\n<meta property=\"og:description\" content=\"Du 14 au 28 mars 2025 Annecy Alpes&#8217; Art School France \u00a0 \u00a0 \u00a0 \u00a0 \u00a0 \u00a0 \u00a0 \u00a0 \u00a0 \u00a0 \u00a0 \u00a0 \u00a0 \u00a0 \u00a0 [\u2026]\" \/>\n<meta property=\"og:url\" content=\"https:\/\/festival2025.videoformes.com\/en\/annecy-alpes-art-school\/\" \/>\n<meta property=\"og:site_name\" content=\"Festival VIDEOFORMES\" \/>\n<meta property=\"article:publisher\" content=\"https:\/\/www.facebook.com\/videoformes\" \/>\n<meta property=\"article:modified_time\" content=\"2025-02-13T16:20:23+00:00\" \/>\n<meta property=\"og:image\" content=\"https:\/\/festival2025.videoformes.com\/wp-content\/uploads\/2025\/02\/annecy-1024x576.png\" \/>\n<meta name=\"twitter:card\" content=\"summary_large_image\" \/>\n<meta name=\"twitter:site\" content=\"@videoformes\" \/>\n<script type=\"application\/ld+json\" class=\"yoast-schema-graph\">{\"@context\":\"https:\/\/schema.org\",\"@graph\":[{\"@type\":\"WebPage\",\"@id\":\"https:\/\/festival2025.videoformes.com\/en\/annecy-alpes-art-school\/\",\"url\":\"https:\/\/festival2025.videoformes.com\/en\/annecy-alpes-art-school\/\",\"name\":\"Annecy Alpes' Art School | Festival VIDEOFORMES\",\"isPartOf\":{\"@id\":\"https:\/\/festival2025.videoformes.com\/#website\"},\"datePublished\":\"2025-02-13T16:18:16+00:00\",\"dateModified\":\"2025-02-13T16:20:23+00:00\",\"breadcrumb\":{\"@id\":\"https:\/\/festival2025.videoformes.com\/en\/annecy-alpes-art-school\/#breadcrumb\"},\"inLanguage\":\"en-US\",\"potentialAction\":[{\"@type\":\"ReadAction\",\"target\":[\"https:\/\/festival2025.videoformes.com\/en\/annecy-alpes-art-school\/\"]}]},{\"@type\":\"BreadcrumbList\",\"@id\":\"https:\/\/festival2025.videoformes.com\/en\/annecy-alpes-art-school\/#breadcrumb\",\"itemListElement\":[{\"@type\":\"ListItem\",\"position\":1,\"name\":\"Accueil\",\"item\":\"https:\/\/festival2025.videoformes.com\/\"},{\"@type\":\"ListItem\",\"position\":2,\"name\":\"Annecy Alpes&#8217; Art School\"}]},{\"@type\":\"WebSite\",\"@id\":\"https:\/\/festival2025.videoformes.com\/#website\",\"url\":\"https:\/\/festival2025.videoformes.com\/\",\"name\":\"Festival VIDEOFORMES 2025\",\"description\":\"Festival International d&#039;Arts Hybrides et Num\u00e9riques\",\"publisher\":{\"@id\":\"https:\/\/festival2025.videoformes.com\/#organization\"},\"potentialAction\":[{\"@type\":\"SearchAction\",\"target\":{\"@type\":\"EntryPoint\",\"urlTemplate\":\"https:\/\/festival2025.videoformes.com\/?s={search_term_string}\"},\"query-input\":\"required name=search_term_string\"}],\"inLanguage\":\"en-US\"},{\"@type\":\"Organization\",\"@id\":\"https:\/\/festival2025.videoformes.com\/#organization\",\"name\":\"Festival VIDEOFORMES\",\"url\":\"https:\/\/festival2025.videoformes.com\/\",\"logo\":{\"@type\":\"ImageObject\",\"inLanguage\":\"en-US\",\"@id\":\"https:\/\/festival2025.videoformes.com\/#\/schema\/logo\/image\/\",\"url\":\"https:\/\/festival2025.videoformes.com\/wp-content\/uploads\/2022\/01\/apple-touch-icon.png\",\"contentUrl\":\"https:\/\/festival2025.videoformes.com\/wp-content\/uploads\/2022\/01\/apple-touch-icon.png\",\"width\":180,\"height\":180,\"caption\":\"Festival VIDEOFORMES\"},\"image\":{\"@id\":\"https:\/\/festival2025.videoformes.com\/#\/schema\/logo\/image\/\"},\"sameAs\":[\"https:\/\/www.facebook.com\/videoformes\",\"https:\/\/twitter.com\/videoformes\",\"https:\/\/www.instagram.com\/videoformes\/\",\"https:\/\/www.youtube.com\/channel\/UCVkAiRplvronMyMWo1bxKCg\"]}]}<\/script>\n<!-- \/ Yoast SEO plugin. -->","yoast_head_json":{"title":"Annecy Alpes' Art School | Festival VIDEOFORMES","robots":{"index":"index","follow":"follow","max-snippet":"max-snippet:-1","max-image-preview":"max-image-preview:large","max-video-preview":"max-video-preview:-1"},"canonical":"https:\/\/festival2025.videoformes.com\/en\/annecy-alpes-art-school\/","og_locale":"en_US","og_type":"article","og_title":"Annecy Alpes' Art School | Festival VIDEOFORMES","og_description":"Du 14 au 28 mars 2025 Annecy Alpes&#8217; Art School France \u00a0 \u00a0 \u00a0 \u00a0 \u00a0 \u00a0 \u00a0 \u00a0 \u00a0 \u00a0 \u00a0 \u00a0 \u00a0 \u00a0 \u00a0 [\u2026]","og_url":"https:\/\/festival2025.videoformes.com\/en\/annecy-alpes-art-school\/","og_site_name":"Festival VIDEOFORMES","article_publisher":"https:\/\/www.facebook.com\/videoformes","article_modified_time":"2025-02-13T16:20:23+00:00","og_image":[{"url":"https:\/\/festival2025.videoformes.com\/wp-content\/uploads\/2025\/02\/annecy-1024x576.png"}],"twitter_card":"summary_large_image","twitter_site":"@videoformes","schema":{"@context":"https:\/\/schema.org","@graph":[{"@type":"WebPage","@id":"https:\/\/festival2025.videoformes.com\/en\/annecy-alpes-art-school\/","url":"https:\/\/festival2025.videoformes.com\/en\/annecy-alpes-art-school\/","name":"Annecy Alpes' Art School | Festival VIDEOFORMES","isPartOf":{"@id":"https:\/\/festival2025.videoformes.com\/#website"},"datePublished":"2025-02-13T16:18:16+00:00","dateModified":"2025-02-13T16:20:23+00:00","breadcrumb":{"@id":"https:\/\/festival2025.videoformes.com\/en\/annecy-alpes-art-school\/#breadcrumb"},"inLanguage":"en-US","potentialAction":[{"@type":"ReadAction","target":["https:\/\/festival2025.videoformes.com\/en\/annecy-alpes-art-school\/"]}]},{"@type":"BreadcrumbList","@id":"https:\/\/festival2025.videoformes.com\/en\/annecy-alpes-art-school\/#breadcrumb","itemListElement":[{"@type":"ListItem","position":1,"name":"Accueil","item":"https:\/\/festival2025.videoformes.com\/"},{"@type":"ListItem","position":2,"name":"Annecy Alpes&#8217; Art School"}]},{"@type":"WebSite","@id":"https:\/\/festival2025.videoformes.com\/#website","url":"https:\/\/festival2025.videoformes.com\/","name":"Festival VIDEOFORMES 2025","description":"Festival International d&#039;Arts Hybrides et Num\u00e9riques","publisher":{"@id":"https:\/\/festival2025.videoformes.com\/#organization"},"potentialAction":[{"@type":"SearchAction","target":{"@type":"EntryPoint","urlTemplate":"https:\/\/festival2025.videoformes.com\/?s={search_term_string}"},"query-input":"required name=search_term_string"}],"inLanguage":"en-US"},{"@type":"Organization","@id":"https:\/\/festival2025.videoformes.com\/#organization","name":"Festival VIDEOFORMES","url":"https:\/\/festival2025.videoformes.com\/","logo":{"@type":"ImageObject","inLanguage":"en-US","@id":"https:\/\/festival2025.videoformes.com\/#\/schema\/logo\/image\/","url":"https:\/\/festival2025.videoformes.com\/wp-content\/uploads\/2022\/01\/apple-touch-icon.png","contentUrl":"https:\/\/festival2025.videoformes.com\/wp-content\/uploads\/2022\/01\/apple-touch-icon.png","width":180,"height":180,"caption":"Festival VIDEOFORMES"},"image":{"@id":"https:\/\/festival2025.videoformes.com\/#\/schema\/logo\/image\/"},"sameAs":["https:\/\/www.facebook.com\/videoformes","https:\/\/twitter.com\/videoformes","https:\/\/www.instagram.com\/videoformes\/","https:\/\/www.youtube.com\/channel\/UCVkAiRplvronMyMWo1bxKCg"]}]}},"_links":{"self":[{"href":"https:\/\/festival2025.videoformes.com\/en\/wp-json\/wp\/v2\/pages\/11930","targetHints":{"allow":["GET"]}}],"collection":[{"href":"https:\/\/festival2025.videoformes.com\/en\/wp-json\/wp\/v2\/pages"}],"about":[{"href":"https:\/\/festival2025.videoformes.com\/en\/wp-json\/wp\/v2\/types\/page"}],"author":[{"embeddable":true,"href":"https:\/\/festival2025.videoformes.com\/en\/wp-json\/wp\/v2\/users\/2"}],"replies":[{"embeddable":true,"href":"https:\/\/festival2025.videoformes.com\/en\/wp-json\/wp\/v2\/comments?post=11930"}],"version-history":[{"count":4,"href":"https:\/\/festival2025.videoformes.com\/en\/wp-json\/wp\/v2\/pages\/11930\/revisions"}],"predecessor-version":[{"id":11938,"href":"https:\/\/festival2025.videoformes.com\/en\/wp-json\/wp\/v2\/pages\/11930\/revisions\/11938"}],"wp:attachment":[{"href":"https:\/\/festival2025.videoformes.com\/en\/wp-json\/wp\/v2\/media?parent=11930"}],"curies":[{"name":"wp","href":"https:\/\/api.w.org\/{rel}","templated":true}]}}